{"id":1058,"date":"2026-02-12T11:33:02","date_gmt":"2026-02-12T10:33:02","guid":{"rendered":"https:\/\/www.pont-mahe.com\/activities\/"},"modified":"2026-03-13T15:11:15","modified_gmt":"2026-03-13T14:11:15","slug":"activities","status":"publish","type":"page","link":"https:\/\/www.pont-mahe.com\/en\/activities\/","title":{"rendered":"Activities"},"content":{"rendered":"<div class=\"diaporama-header align-full\"><div class=\"gallery\"><figure class=\"gallery__item\"><picture><source srcset=\"https:\/\/www.pont-mahe.com\/wp-content\/uploads\/2026\/02\/header-activites-420x280.webp\" media=\"(max-width: 210px)\"><source srcset=\"https:\/\/www.pont-mahe.com\/wp-content\/uploads\/2026\/02\/header-activites-850x567.webp\" media=\"(max-width: 420px)\"><source srcset=\"https:\/\/www.pont-mahe.com\/wp-content\/uploads\/2026\/02\/header-activites-768x512.webp\" media=\"(max-width: 850px)\"><source srcset=\"https:\/\/www.pont-mahe.com\/wp-content\/uploads\/2026\/02\/header-activites-1024x683.webp\" media=\"(max-width: 1024px)\"><source srcset=\"https:\/\/www.pont-mahe.com\/wp-content\/uploads\/2026\/02\/header-activites.webp\" media=\"(min-width: 1025px)\"><img loading=\"lazy\" decoding=\"async\" src=\"https:\/\/www.pont-mahe.com\/wp-content\/uploads\/2026\/02\/header-activites-420x280.webp\" width=\"420\" height=\"210\" alt=\"\" title=\"\"><\/picture><\/figure><\/div><div class=\"diaporama-header__inner\"><\/div><\/div>\n\n<div class=\"columns sec-10\" style=\"align-items:center;\"><div class=\"columns__item texte fade-right\" style=\"align-self:center;\"><h1 class=\"span-h2 left span-vert-clair\" style=\"color: var(--vert);\">Camping with entertainment <span class=\"fc-span\">in Ass\u00e9rac near Gu\u00e9rande<\/span><\/h1><p    >Animation from Monday, July 6 to Friday, August 21, 2026.<\/p><p    >Whether during the day or in the evening, whether sporting or creative, for young and old alike, there&#8217;s no shortage of entertainment in Ass\u00e9rac (just a few minutes from the town of Gu\u00e9rande) at Camping Le Domaine de Pont Mah\u00e9!<\/p><div class=\"lireplus fc-mob\"><p    >Read more<\/p><div class=\"group\"><p    >Come and have fun with family and friends in a warm and friendly atmosphere!<\/p><\/div><\/div><div class=\"buttons\"><span class=\"buttons__btn btn-resa is-style-1\">Booking<\/span><\/div><\/div><div class=\"columns__item media fade-left\" style=\"align-self:center;\"><div class=\"gallery\"><figure class=\"gallery__item\"><picture><source srcset=\"https:\/\/www.pont-mahe.com\/wp-content\/uploads\/2026\/02\/animation-pirate-420x210.webp\" media=\"(max-width: 210px)\"><source srcset=\"https:\/\/www.pont-mahe.com\/wp-content\/uploads\/2026\/02\/animation-pirate-850x425.webp\" media=\"(max-width: 420px)\"><source srcset=\"https:\/\/www.pont-mahe.com\/wp-content\/uploads\/2026\/02\/animation-pirate-768x384.webp\" media=\"(max-width: 850px)\"><source srcset=\"https:\/\/www.pont-mahe.com\/wp-content\/uploads\/2026\/02\/animation-pirate.webp\" media=\"(max-width: 1024px)\"><source srcset=\"https:\/\/www.pont-mahe.com\/wp-content\/uploads\/2026\/02\/animation-pirate.webp\" media=\"(min-width: 1025px)\"><img decoding=\"async\" src=\"https:\/\/www.pont-mahe.com\/wp-content\/uploads\/2026\/02\/animation-pirate-420x210.webp\" width=\"420\" height=\"210\" loading=\"lazy\" alt=\"\" title=\"\"><\/picture><\/figure><\/div><\/div><\/div>\n\n<div class=\"columns reverse-mob has-bleu-fonce-bg-color has-bg align-full\" style=\"align-items:center;background-color:var(--bleu-fonce);\"><div class=\"columns__item media fade-right\" style=\"align-self:center;\"><div class=\"gallery\"><figure class=\"gallery__item\"><picture><source srcset=\"https:\/\/www.pont-mahe.com\/wp-content\/uploads\/2026\/02\/club-enfants-420x168.webp\" media=\"(max-width: 210px)\"><source srcset=\"https:\/\/www.pont-mahe.com\/wp-content\/uploads\/2026\/02\/club-enfants-850x340.webp\" media=\"(max-width: 420px)\"><source srcset=\"https:\/\/www.pont-mahe.com\/wp-content\/uploads\/2026\/02\/club-enfants-768x307.webp\" media=\"(max-width: 850px)\"><source srcset=\"https:\/\/www.pont-mahe.com\/wp-content\/uploads\/2026\/02\/club-enfants-1024x410.webp\" media=\"(max-width: 1024px)\"><source srcset=\"https:\/\/www.pont-mahe.com\/wp-content\/uploads\/2026\/02\/club-enfants.webp\" media=\"(min-width: 1025px)\"><img decoding=\"async\" src=\"https:\/\/www.pont-mahe.com\/wp-content\/uploads\/2026\/02\/club-enfants-420x168.webp\" width=\"420\" height=\"210\" loading=\"lazy\" alt=\"\" title=\"\"><\/picture><\/figure><\/div><\/div><div class=\"columns__item texte fade-left\" style=\"align-self:center;\"><h2 class=\"right\">Kids&#8217; club<\/h2><h3 class=\"h4\">The kids love the kitesurf club&#8230; and so do the parents!<\/h3><p    >The activity leader welcomes the little ones a few days a week from 10am to 12pm at the p&#8217;tits kitesurfs club (6 to 12 years), next to the pool.  <strong>They&#8217;ll have fun in a playful world, sharing special moments with a host of creative and sporting activities!<\/strong><\/p><div class=\"lireplus fc-mob\"><p    >Read more<\/p><div class=\"group\"><p    >The programme includes team games, treasure hunts and craft workshops. There&#8217;s also a <strong>play area<\/strong> for children to enjoy<strong> spring-loaded games<\/strong>, climb the<strong> spider&#8217;s web<\/strong>, roll and slide down the <strong>slide <\/strong>!<\/p><div class=\"lireplus fc-desk\"><p    >Read more<\/p><div class=\"group\"><p    >Next to the pool, they can have fun jumping on the <strong>trampoline <\/strong>and playing <strong>table tennis<\/strong> and <strong>home ball<\/strong> together <strong>!<\/strong> For the little ones, there&#8217;s a <strong>heated paddling pool<\/strong> with <strong>a small slide<\/strong> and <strong>water mushroom<\/strong>, ideal for everyone to enjoy the indoor heated pool!<\/p><\/div><\/div><\/div><\/div><\/div><\/div>\n\n<div class=\"columns pictos trait scroll\"><div class=\"columns__item\"><figure class=\"picto\"><picture><source srcset=\"https:\/\/www.pont-mahe.com\/wp-content\/uploads\/2026\/02\/famiille.webp\" media=\"(max-width: 210px)\"><source srcset=\"https:\/\/www.pont-mahe.com\/wp-content\/uploads\/2026\/02\/famiille.webp\" media=\"(max-width: 420px)\"><source srcset=\"https:\/\/www.pont-mahe.com\/wp-content\/uploads\/2026\/02\/famiille.webp\" media=\"(max-width: 850px)\"><source srcset=\"https:\/\/www.pont-mahe.com\/wp-content\/uploads\/2026\/02\/famiille.webp\" media=\"(max-width: 1024px)\"><source srcset=\"https:\/\/www.pont-mahe.com\/wp-content\/uploads\/2026\/02\/famiille.webp\" media=\"(min-width: 1025px)\"><img decoding=\"async\" src=\"https:\/\/www.pont-mahe.com\/wp-content\/uploads\/2026\/02\/famiille.webp\" width=\"420\" height=\"210\" loading=\"lazy\" alt=\"\" title=\"\"><\/picture><\/figure><figure class=\"brush\"><picture><source srcset=\"https:\/\/www.pont-mahe.com\/wp-content\/uploads\/2026\/02\/brush.webp\" media=\"(max-width: 210px)\"><source srcset=\"https:\/\/www.pont-mahe.com\/wp-content\/uploads\/2026\/02\/brush.webp\" media=\"(max-width: 420px)\"><source srcset=\"https:\/\/www.pont-mahe.com\/wp-content\/uploads\/2026\/02\/brush.webp\" media=\"(max-width: 850px)\"><source srcset=\"https:\/\/www.pont-mahe.com\/wp-content\/uploads\/2026\/02\/brush.webp\" media=\"(max-width: 1024px)\"><source srcset=\"https:\/\/www.pont-mahe.com\/wp-content\/uploads\/2026\/02\/brush.webp\" media=\"(min-width: 1025px)\"><img decoding=\"async\" src=\"https:\/\/www.pont-mahe.com\/wp-content\/uploads\/2026\/02\/brush.webp\" width=\"420\" height=\"210\" loading=\"lazy\" alt=\"\" title=\"\"><\/picture><\/figure><p class=\"center\" style=\"text-align: center;\"  >Family entertainment<\/p><\/div><div class=\"columns__item\"><figure class=\"picto\"><picture><source srcset=\"https:\/\/www.pont-mahe.com\/wp-content\/uploads\/2026\/02\/clubenfants.webp\" media=\"(max-width: 210px)\"><source srcset=\"https:\/\/www.pont-mahe.com\/wp-content\/uploads\/2026\/02\/clubenfants.webp\" media=\"(max-width: 420px)\"><source srcset=\"https:\/\/www.pont-mahe.com\/wp-content\/uploads\/2026\/02\/clubenfants.webp\" media=\"(max-width: 850px)\"><source srcset=\"https:\/\/www.pont-mahe.com\/wp-content\/uploads\/2026\/02\/clubenfants.webp\" media=\"(max-width: 1024px)\"><source srcset=\"https:\/\/www.pont-mahe.com\/wp-content\/uploads\/2026\/02\/clubenfants.webp\" media=\"(min-width: 1025px)\"><img decoding=\"async\" src=\"https:\/\/www.pont-mahe.com\/wp-content\/uploads\/2026\/02\/clubenfants.webp\" width=\"420\" height=\"210\" loading=\"lazy\" alt=\"\" title=\"\"><\/picture><\/figure><figure class=\"brush\"><picture><source srcset=\"https:\/\/www.pont-mahe.com\/wp-content\/uploads\/2026\/02\/brush.webp\" media=\"(max-width: 210px)\"><source srcset=\"https:\/\/www.pont-mahe.com\/wp-content\/uploads\/2026\/02\/brush.webp\" media=\"(max-width: 420px)\"><source srcset=\"https:\/\/www.pont-mahe.com\/wp-content\/uploads\/2026\/02\/brush.webp\" media=\"(max-width: 850px)\"><source srcset=\"https:\/\/www.pont-mahe.com\/wp-content\/uploads\/2026\/02\/brush.webp\" media=\"(max-width: 1024px)\"><source srcset=\"https:\/\/www.pont-mahe.com\/wp-content\/uploads\/2026\/02\/brush.webp\" media=\"(min-width: 1025px)\"><img decoding=\"async\" src=\"https:\/\/www.pont-mahe.com\/wp-content\/uploads\/2026\/02\/brush.webp\" width=\"420\" height=\"210\" loading=\"lazy\" alt=\"\" title=\"\"><\/picture><\/figure><p class=\"center\" style=\"text-align: center;\"  >Kids Club<\/p><\/div><div class=\"columns__item\"><figure class=\"picto\"><picture><source srcset=\"https:\/\/www.pont-mahe.com\/wp-content\/uploads\/2026\/02\/soiree-420x420.webp\" media=\"(max-width: 210px)\"><source srcset=\"https:\/\/www.pont-mahe.com\/wp-content\/uploads\/2026\/02\/soiree.webp\" media=\"(max-width: 420px)\"><source srcset=\"https:\/\/www.pont-mahe.com\/wp-content\/uploads\/2026\/02\/soiree.webp\" media=\"(max-width: 850px)\"><source srcset=\"https:\/\/www.pont-mahe.com\/wp-content\/uploads\/2026\/02\/soiree.webp\" media=\"(max-width: 1024px)\"><source srcset=\"https:\/\/www.pont-mahe.com\/wp-content\/uploads\/2026\/02\/soiree.webp\" media=\"(min-width: 1025px)\"><img decoding=\"async\" src=\"https:\/\/www.pont-mahe.com\/wp-content\/uploads\/2026\/02\/soiree-420x420.webp\" width=\"420\" height=\"210\" loading=\"lazy\" alt=\"\" title=\"\"><\/picture><\/figure><figure class=\"brush\"><picture><source srcset=\"https:\/\/www.pont-mahe.com\/wp-content\/uploads\/2026\/02\/brush.webp\" media=\"(max-width: 210px)\"><source srcset=\"https:\/\/www.pont-mahe.com\/wp-content\/uploads\/2026\/02\/brush.webp\" media=\"(max-width: 420px)\"><source srcset=\"https:\/\/www.pont-mahe.com\/wp-content\/uploads\/2026\/02\/brush.webp\" media=\"(max-width: 850px)\"><source srcset=\"https:\/\/www.pont-mahe.com\/wp-content\/uploads\/2026\/02\/brush.webp\" media=\"(max-width: 1024px)\"><source srcset=\"https:\/\/www.pont-mahe.com\/wp-content\/uploads\/2026\/02\/brush.webp\" media=\"(min-width: 1025px)\"><img decoding=\"async\" src=\"https:\/\/www.pont-mahe.com\/wp-content\/uploads\/2026\/02\/brush.webp\" width=\"420\" height=\"210\" loading=\"lazy\" alt=\"\" title=\"\"><\/picture><\/figure><p class=\"center\" style=\"text-align: center;\"  >Animated evenings<\/p><\/div><div class=\"columns__item\"><figure class=\"picto\"><picture><source srcset=\"https:\/\/www.pont-mahe.com\/wp-content\/uploads\/2026\/02\/activites-journee.webp\" media=\"(max-width: 210px)\"><source srcset=\"https:\/\/www.pont-mahe.com\/wp-content\/uploads\/2026\/02\/activites-journee.webp\" media=\"(max-width: 420px)\"><source srcset=\"https:\/\/www.pont-mahe.com\/wp-content\/uploads\/2026\/02\/activites-journee.webp\" media=\"(max-width: 850px)\"><source srcset=\"https:\/\/www.pont-mahe.com\/wp-content\/uploads\/2026\/02\/activites-journee.webp\" media=\"(max-width: 1024px)\"><source srcset=\"https:\/\/www.pont-mahe.com\/wp-content\/uploads\/2026\/02\/activites-journee.webp\" media=\"(min-width: 1025px)\"><img decoding=\"async\" src=\"https:\/\/www.pont-mahe.com\/wp-content\/uploads\/2026\/02\/activites-journee.webp\" width=\"420\" height=\"210\" loading=\"lazy\" alt=\"\" title=\"\"><\/picture><\/figure><figure class=\"brush\"><picture><source srcset=\"https:\/\/www.pont-mahe.com\/wp-content\/uploads\/2026\/02\/brush.webp\" media=\"(max-width: 210px)\"><source srcset=\"https:\/\/www.pont-mahe.com\/wp-content\/uploads\/2026\/02\/brush.webp\" media=\"(max-width: 420px)\"><source srcset=\"https:\/\/www.pont-mahe.com\/wp-content\/uploads\/2026\/02\/brush.webp\" media=\"(max-width: 850px)\"><source srcset=\"https:\/\/www.pont-mahe.com\/wp-content\/uploads\/2026\/02\/brush.webp\" media=\"(max-width: 1024px)\"><source srcset=\"https:\/\/www.pont-mahe.com\/wp-content\/uploads\/2026\/02\/brush.webp\" media=\"(min-width: 1025px)\"><img decoding=\"async\" src=\"https:\/\/www.pont-mahe.com\/wp-content\/uploads\/2026\/02\/brush.webp\" width=\"420\" height=\"210\" loading=\"lazy\" alt=\"\" title=\"\"><\/picture><\/figure><p class=\"center\" style=\"text-align: center;\"  >Daytime activities<\/p><\/div><\/div>\n\n<div class=\"columns\" style=\"align-items:center;\"><div class=\"columns__item texte fade-right\" style=\"align-self:center;\"><h2 class=\"span-h2 left  span-vert-clair\" style=\"color: var(--vert);\">With family or friends, <span class=\"fc-span\">there&#8217;s something for everyone!<\/span><\/h2><p    >The <strong>p\u00e9tanque tournament is a must<\/strong>! Come and play against your friends or fellow campers. The must-do summer activity remains the swimming pool: there&#8217;s nothing like a good swim in water heated to 28\u00b0C, from 10am to 7pm! What&#8217;s more, you can take part in aquafun 1 or 2 times a week, and enjoy some great family fun!  <\/p><div class=\"lireplus fc-mob\"><p    >Read more<\/p><div class=\"group\"><p    >You can also relax on <strong>the Pont-Mah\u00e9 beach, 250m from the campsite<\/strong>. In summer, when night falls, the campsite offers a festive atmosphere! <\/p><div class=\"lireplus fc-desk\"><p    >Read more<\/p><div class=\"group\"><p    >We invite you to join us in the large entertainment room next to the bar, where you&#8217;ll be transported to the heart of camping evenings, where <strong>family atmosphere and good humor<\/strong> are the order of the day. Young and old alike will remember their stay full of encounters, <strong>laughter and memories at Le Domaine de Pont Mah\u00e9 campsite in Ass\u00e9rac, near Gu\u00e9rande!<\/strong> <\/p><\/div><\/div><\/div><\/div><\/div><div class=\"columns__item media fade-left\" style=\"align-self:center;\"><div class=\"gallery\"><figure class=\"gallery__item\"><picture><source srcset=\"https:\/\/www.pont-mahe.com\/wp-content\/uploads\/2026\/02\/activites-pontmahe-420x280.webp\" media=\"(max-width: 210px)\"><source srcset=\"https:\/\/www.pont-mahe.com\/wp-content\/uploads\/2026\/02\/activites-pontmahe-850x566.webp\" media=\"(max-width: 420px)\"><source srcset=\"https:\/\/www.pont-mahe.com\/wp-content\/uploads\/2026\/02\/activites-pontmahe-768x512.webp\" media=\"(max-width: 850px)\"><source srcset=\"https:\/\/www.pont-mahe.com\/wp-content\/uploads\/2026\/02\/activites-pontmahe-1024x682.webp\" media=\"(max-width: 1024px)\"><source srcset=\"https:\/\/www.pont-mahe.com\/wp-content\/uploads\/2026\/02\/activites-pontmahe.webp\" media=\"(min-width: 1025px)\"><img decoding=\"async\" src=\"https:\/\/www.pont-mahe.com\/wp-content\/uploads\/2026\/02\/activites-pontmahe-420x280.webp\" width=\"420\" height=\"210\" loading=\"lazy\" alt=\"\" title=\"\"><\/picture><\/figure><\/div><\/div><\/div>\n\n<div class=\"columns sec-10 reverse-mob\" style=\"align-items:center;\"><div class=\"columns__item media fade-left\" style=\"align-self:center;\"><div class=\"gallery\"><figure class=\"gallery__item\"><picture><source srcset=\"https:\/\/www.pont-mahe.com\/wp-content\/uploads\/2026\/02\/aquagym-activite-420x210.webp\" media=\"(max-width: 210px)\"><source srcset=\"https:\/\/www.pont-mahe.com\/wp-content\/uploads\/2026\/02\/aquagym-activite-850x425.webp\" media=\"(max-width: 420px)\"><source srcset=\"https:\/\/www.pont-mahe.com\/wp-content\/uploads\/2026\/02\/aquagym-activite-768x384.webp\" media=\"(max-width: 850px)\"><source srcset=\"https:\/\/www.pont-mahe.com\/wp-content\/uploads\/2026\/02\/aquagym-activite-1024x512.webp\" media=\"(max-width: 1024px)\"><source srcset=\"https:\/\/www.pont-mahe.com\/wp-content\/uploads\/2026\/02\/aquagym-activite.webp\" media=\"(min-width: 1025px)\"><img decoding=\"async\" src=\"https:\/\/www.pont-mahe.com\/wp-content\/uploads\/2026\/02\/aquagym-activite-420x210.webp\" width=\"420\" height=\"210\" loading=\"lazy\" alt=\"\" title=\"\"><\/picture><\/figure><\/div><\/div><div class=\"columns__item texte fade-right\" style=\"align-self:center;\"><h2 class=\"span-h2 right span-marron-clair\" style=\"color: var(--marron);\">Daytime activities <span class=\"fc-span\">for all ages at our Ass\u00e9rac campsite<\/span><\/h2><p    >During the day, the campsite offers fun activities for the whole family at Pont-mah\u00e9!<\/p><h3 class=\"h4\">The program for your vacation in Ass\u00e9rac on the Gu\u00e9rande peninsula<\/h3><p    >Your <strong>stay at camping Domaine du Pont Mah\u00e9<\/strong> promises to be packed with activities for the whole family, children and teenagers alike! Adults can start their day with a relaxing <strong>aquagym<\/strong> <strong>session<\/strong> in our heated pool, followed by p\u00e9tanque tournaments, with prizes to be won by our champions. <\/p><div class=\"lireplus fc-desk\"><p    >Read more<\/p><div class=\"group\"><p    >For more tranquil moments, our <strong>campsite in Loire-Atlantique<\/strong> is just 250 meters from the beach, offering you moments of relaxation to the rhythm of the waves.<\/p><p    >Teenagers won&#8217;t be left out with energetic home ball <strong>tournaments <\/strong>and ping-pong <strong>competitions <\/strong>. For those who like <strong>indoor games<\/strong>, <strong>billiards <\/strong>awaits, promising moments of family fun. <\/p><p    >For everyone, our heated indoor swimming pool is a relaxing place where you can enjoy an aquagym session. You can also relax on the <strong>Pont-Mah\u00e9 beach<\/strong>, just a 2-minute walk from the campsite, with its magnificent views. <\/p><p    >The local experience is rounded off by the <strong>weekly markets of the Gu\u00e9rande peninsula<\/strong>. Here, you&#8217;ll discover fresh produce, regional delicacies and artisanal treasures, allowing you to immerse yourself in the local culture. Finally, if you&#8217;re looking for an exciting challenge, why not venture into kite surfing on Pont Mah\u00e9 beach, for a thrilling experience in harmony with the elements.  <\/p><\/div><\/div><\/div><\/div>\n\n<div class=\"columns sec-10\" style=\"align-items:center;\"><div class=\"columns__item texte fade-right\" style=\"align-self:center;\"><h2 class=\"span-h2 left span-vert-clair\" style=\"color: var(--vert);\">Your evening entertainment <span class=\"fc-span\">in Ass\u00e9rac<\/span><\/h2><p    >Discover the campsite&#8217;s evening events and experience intense, colorful moments in a festive, family atmosphere! You&#8217;ll have unforgettable memories of your Ass\u00e9rac vacation! <\/p><p    >In summer, the campsite offers evening entertainment 2 or 3 times a week, to prolong the holidaymakers&#8217; day in good spirits. From 9:00 p.m. to 11:00 p.m., everyone meets up in the large auditorium next to the bar. <\/p><div class=\"lireplus fc-desk\"><p    >Read more<\/p><div class=\"group\"><p    >On the program: mussels and French fries, theme evenings (karaoke, bingo, mini disco&#8230;), shows and concerts&#8230; Every season, the campsite offers activities that change with the inspiration of our entertainment team!<\/p><p    >Spend lively days in Ass\u00e9rac, just a few minutes from the charming town of Gu\u00e9rande.<\/p><\/div><\/div><\/div><div class=\"columns__item media fade-left\" style=\"align-self:center;\"><div class=\"gallery\"><figure class=\"gallery__item\"><picture><source srcset=\"https:\/\/www.pont-mahe.com\/wp-content\/uploads\/2026\/02\/barbecue-420x210.webp\" media=\"(max-width: 210px)\"><source srcset=\"https:\/\/www.pont-mahe.com\/wp-content\/uploads\/2026\/02\/barbecue-850x425.webp\" media=\"(max-width: 420px)\"><source srcset=\"https:\/\/www.pont-mahe.com\/wp-content\/uploads\/2026\/02\/barbecue-768x384.webp\" media=\"(max-width: 850px)\"><source srcset=\"https:\/\/www.pont-mahe.com\/wp-content\/uploads\/2026\/02\/barbecue-1024x512.webp\" media=\"(max-width: 1024px)\"><source srcset=\"https:\/\/www.pont-mahe.com\/wp-content\/uploads\/2026\/02\/barbecue.webp\" media=\"(min-width: 1025px)\"><img decoding=\"async\" src=\"https:\/\/www.pont-mahe.com\/wp-content\/uploads\/2026\/02\/barbecue-420x210.webp\" width=\"420\" height=\"210\" loading=\"lazy\" alt=\"\" title=\"\"><\/picture><\/figure><\/div><\/div><\/div>","protected":false},"excerpt":{"rendered":"<p>Camping with entertainment in Ass\u00e9rac near Gu\u00e9rande Animation from Monday, July 6 to Friday, August 21, 2026. Whether during the day or in the evening, whether sporting or creative, for young and old alike, there&#8217;s no shortage of entertainment in Ass\u00e9rac (just a few minutes from the town of Gu\u00e9rande) at Camping Le Domaine de [&hellip;]<\/p>\n","protected":false},"author":1,"featured_media":0,"parent":0,"menu_order":0,"comment_status":"open","ping_status":"open","template":"","meta":{"_acf_changed":false,"footnotes":""},"acf":[],"_links":{"self":[{"href":"https:\/\/www.pont-mahe.com\/en\/wp-json\/wp\/v2\/pages\/1058"}],"collection":[{"href":"https:\/\/www.pont-mahe.com\/en\/wp-json\/wp\/v2\/pages"}],"about":[{"href":"https:\/\/www.pont-mahe.com\/en\/wp-json\/wp\/v2\/types\/page"}],"author":[{"embeddable":true,"href":"https:\/\/www.pont-mahe.com\/en\/wp-json\/wp\/v2\/users\/1"}],"replies":[{"embeddable":true,"href":"https:\/\/www.pont-mahe.com\/en\/wp-json\/wp\/v2\/comments?post=1058"}],"version-history":[{"count":3,"href":"https:\/\/www.pont-mahe.com\/en\/wp-json\/wp\/v2\/pages\/1058\/revisions"}],"predecessor-version":[{"id":1153,"href":"https:\/\/www.pont-mahe.com\/en\/wp-json\/wp\/v2\/pages\/1058\/revisions\/1153"}],"wp:attachment":[{"href":"https:\/\/www.pont-mahe.com\/en\/wp-json\/wp\/v2\/media?parent=1058"}],"curies":[{"name":"wp","href":"https:\/\/api.w.org\/{rel}","templated":true}]}}