{"id":1056,"date":"2026-02-12T11:33:02","date_gmt":"2026-02-12T10:33:02","guid":{"rendered":"https:\/\/www.pont-mahe.com\/services\/"},"modified":"2026-03-13T15:09:37","modified_gmt":"2026-03-13T14:09:37","slug":"services","status":"publish","type":"page","link":"https:\/\/www.pont-mahe.com\/en\/services\/","title":{"rendered":"Services"},"content":{"rendered":"<div class=\"diaporama-header align-full\"><div class=\"gallery\"><figure class=\"gallery__item\"><picture><source srcset=\"https:\/\/www.pont-mahe.com\/wp-content\/uploads\/2026\/02\/header-services-420x168.webp\" media=\"(max-width: 210px)\"><source srcset=\"https:\/\/www.pont-mahe.com\/wp-content\/uploads\/2026\/02\/header-services-850x340.webp\" media=\"(max-width: 420px)\"><source srcset=\"https:\/\/www.pont-mahe.com\/wp-content\/uploads\/2026\/02\/header-services-768x307.webp\" media=\"(max-width: 850px)\"><source srcset=\"https:\/\/www.pont-mahe.com\/wp-content\/uploads\/2026\/02\/header-services-1024x410.webp\" media=\"(max-width: 1024px)\"><source srcset=\"https:\/\/www.pont-mahe.com\/wp-content\/uploads\/2026\/02\/header-services.webp\" media=\"(min-width: 1025px)\"><img loading=\"lazy\" decoding=\"async\" src=\"https:\/\/www.pont-mahe.com\/wp-content\/uploads\/2026\/02\/header-services-420x168.webp\" width=\"420\" height=\"210\" alt=\"\" title=\"\"><\/picture><\/figure><\/div><div class=\"diaporama-header__inner\"><\/div><\/div>\n\n<div class=\"group sec-15\"><h1 class=\"span-vert-clair\" style=\"text-align: center;color: var(--vert);\">4-star campsite services <span class=\"fc-span\">in Loire-Atlantique<\/span><\/h1><p class=\"mini center\" style=\"text-align: center;\"  >Camping le Domaine de Pont-Mah\u00e9 in <strong>Ass\u00e9rac<\/strong> near <strong>Gu\u00e9rande, <\/strong>between Southern Brittany and Loire-Atlantique, offers useful and practical services to make your vacation as easy as it is relaxing, far from the constraints of everyday life.<\/p><div class=\"buttons display-flex \" style=\"justify-content:center;\"><span class=\"buttons__btn btn-resa is-style-1\">Booking<\/span><\/div><\/div>\n\n<div class=\"columns\" style=\"align-items:center;\"><div class=\"columns__item texte fade-right\" style=\"align-self:center;\"><h2 class=\"span-h2 left span-vert-clair\" style=\"color: var(--vert);\">The snack bar at our budget <span class=\"fc-span\">campsite in Loire-Atlantique<\/span><\/h2><p    >The snack bar, the ideal place to refresh yourself, fill up on snacks or have fun during the high season and long weekends! The snack bar and covered terrace are open : <\/p><ul><li>From 4:00 p.m. to 11:00 p.m. in July and August;\n<\/li><li>From 11:30 am to 2:00 pm and from 4:00 pm to 10:30 pm on long weekends.\n<\/li><\/ul><div class=\"lireplus fc-mob\"><p    >Read more<\/p><div class=\"group\"><p    >Romain the barman offers cocktails with or without alcohol, as well as homemade specialities (Mojito, Pont-Mah\u00e9 cocktail&#8230;), which you can enjoy while playing pool. If you&#8217;re feeling hungry, he&#8217;ll prepare pizzas, tapas, hamburgers, flank steak and French fries, paninis and a choice of ice creams, to enjoy on the snack terrace or to take away. <\/p><\/div><\/div><\/div><div class=\"columns__item media fade-left\" style=\"align-self:center;\"><div class=\"gallery\"><figure class=\"gallery__item\"><picture><source srcset=\"https:\/\/www.pont-mahe.com\/wp-content\/uploads\/2026\/02\/bar-420x280.webp\" media=\"(max-width: 210px)\"><source srcset=\"https:\/\/www.pont-mahe.com\/wp-content\/uploads\/2026\/02\/bar-850x566.webp\" media=\"(max-width: 420px)\"><source srcset=\"https:\/\/www.pont-mahe.com\/wp-content\/uploads\/2026\/02\/bar-768x512.webp\" media=\"(max-width: 850px)\"><source srcset=\"https:\/\/www.pont-mahe.com\/wp-content\/uploads\/2026\/02\/bar.webp\" media=\"(max-width: 1024px)\"><source srcset=\"https:\/\/www.pont-mahe.com\/wp-content\/uploads\/2026\/02\/bar.webp\" media=\"(min-width: 1025px)\"><img decoding=\"async\" src=\"https:\/\/www.pont-mahe.com\/wp-content\/uploads\/2026\/02\/bar-420x280.webp\" width=\"420\" height=\"210\" loading=\"lazy\" alt=\"\" title=\"\"><\/picture><\/figure><\/div><\/div><\/div>\n\n<div class=\"columns pictos trait scroll\"><div class=\"columns__item\"><figure class=\"picto\"><picture><source srcset=\"https:\/\/www.pont-mahe.com\/wp-content\/uploads\/2026\/02\/epicerie-394x420.webp\" media=\"(max-width: 210px)\"><source srcset=\"https:\/\/www.pont-mahe.com\/wp-content\/uploads\/2026\/02\/epicerie.webp\" media=\"(max-width: 420px)\"><source srcset=\"https:\/\/www.pont-mahe.com\/wp-content\/uploads\/2026\/02\/epicerie.webp\" media=\"(max-width: 850px)\"><source srcset=\"https:\/\/www.pont-mahe.com\/wp-content\/uploads\/2026\/02\/epicerie.webp\" media=\"(max-width: 1024px)\"><source srcset=\"https:\/\/www.pont-mahe.com\/wp-content\/uploads\/2026\/02\/epicerie.webp\" media=\"(min-width: 1025px)\"><img decoding=\"async\" src=\"https:\/\/www.pont-mahe.com\/wp-content\/uploads\/2026\/02\/epicerie-394x420.webp\" width=\"420\" height=\"210\" loading=\"lazy\" alt=\"\" title=\"\"><\/picture><\/figure><figure class=\"brush\"><picture><source srcset=\"https:\/\/www.pont-mahe.com\/wp-content\/uploads\/2026\/02\/brush.webp\" media=\"(max-width: 210px)\"><source srcset=\"https:\/\/www.pont-mahe.com\/wp-content\/uploads\/2026\/02\/brush.webp\" media=\"(max-width: 420px)\"><source srcset=\"https:\/\/www.pont-mahe.com\/wp-content\/uploads\/2026\/02\/brush.webp\" media=\"(max-width: 850px)\"><source srcset=\"https:\/\/www.pont-mahe.com\/wp-content\/uploads\/2026\/02\/brush.webp\" media=\"(max-width: 1024px)\"><source srcset=\"https:\/\/www.pont-mahe.com\/wp-content\/uploads\/2026\/02\/brush.webp\" media=\"(min-width: 1025px)\"><img decoding=\"async\" src=\"https:\/\/www.pont-mahe.com\/wp-content\/uploads\/2026\/02\/brush.webp\" width=\"420\" height=\"210\" loading=\"lazy\" alt=\"\" title=\"\"><\/picture><\/figure><p class=\"center\" style=\"text-align: center;\"  >Grocery<\/p><\/div><div class=\"columns__item\"><figure class=\"picto\"><picture><source srcset=\"https:\/\/www.pont-mahe.com\/wp-content\/uploads\/2026\/02\/snackbar.webp\" media=\"(max-width: 210px)\"><source srcset=\"https:\/\/www.pont-mahe.com\/wp-content\/uploads\/2026\/02\/snackbar.webp\" media=\"(max-width: 420px)\"><source srcset=\"https:\/\/www.pont-mahe.com\/wp-content\/uploads\/2026\/02\/snackbar.webp\" media=\"(max-width: 850px)\"><source srcset=\"https:\/\/www.pont-mahe.com\/wp-content\/uploads\/2026\/02\/snackbar.webp\" media=\"(max-width: 1024px)\"><source srcset=\"https:\/\/www.pont-mahe.com\/wp-content\/uploads\/2026\/02\/snackbar.webp\" media=\"(min-width: 1025px)\"><img decoding=\"async\" src=\"https:\/\/www.pont-mahe.com\/wp-content\/uploads\/2026\/02\/snackbar.webp\" width=\"420\" height=\"210\" loading=\"lazy\" alt=\"\" title=\"\"><\/picture><\/figure><figure class=\"brush\"><picture><source srcset=\"https:\/\/www.pont-mahe.com\/wp-content\/uploads\/2026\/02\/brush.webp\" media=\"(max-width: 210px)\"><source srcset=\"https:\/\/www.pont-mahe.com\/wp-content\/uploads\/2026\/02\/brush.webp\" media=\"(max-width: 420px)\"><source srcset=\"https:\/\/www.pont-mahe.com\/wp-content\/uploads\/2026\/02\/brush.webp\" media=\"(max-width: 850px)\"><source srcset=\"https:\/\/www.pont-mahe.com\/wp-content\/uploads\/2026\/02\/brush.webp\" media=\"(max-width: 1024px)\"><source srcset=\"https:\/\/www.pont-mahe.com\/wp-content\/uploads\/2026\/02\/brush.webp\" media=\"(min-width: 1025px)\"><img decoding=\"async\" src=\"https:\/\/www.pont-mahe.com\/wp-content\/uploads\/2026\/02\/brush.webp\" width=\"420\" height=\"210\" loading=\"lazy\" alt=\"\" title=\"\"><\/picture><\/figure><p class=\"center\" style=\"text-align: center;\"  >Snack bar<\/p><\/div><div class=\"columns__item\"><figure class=\"picto\"><picture><source srcset=\"https:\/\/www.pont-mahe.com\/wp-content\/uploads\/2026\/02\/douche-420x410.webp\" media=\"(max-width: 210px)\"><source srcset=\"https:\/\/www.pont-mahe.com\/wp-content\/uploads\/2026\/02\/douche.webp\" media=\"(max-width: 420px)\"><source srcset=\"https:\/\/www.pont-mahe.com\/wp-content\/uploads\/2026\/02\/douche.webp\" media=\"(max-width: 850px)\"><source srcset=\"https:\/\/www.pont-mahe.com\/wp-content\/uploads\/2026\/02\/douche.webp\" media=\"(max-width: 1024px)\"><source srcset=\"https:\/\/www.pont-mahe.com\/wp-content\/uploads\/2026\/02\/douche.webp\" media=\"(min-width: 1025px)\"><img decoding=\"async\" src=\"https:\/\/www.pont-mahe.com\/wp-content\/uploads\/2026\/02\/douche-420x410.webp\" width=\"420\" height=\"210\" loading=\"lazy\" alt=\"\" title=\"\"><\/picture><\/figure><figure class=\"brush\"><picture><source srcset=\"https:\/\/www.pont-mahe.com\/wp-content\/uploads\/2026\/02\/brush.webp\" media=\"(max-width: 210px)\"><source srcset=\"https:\/\/www.pont-mahe.com\/wp-content\/uploads\/2026\/02\/brush.webp\" media=\"(max-width: 420px)\"><source srcset=\"https:\/\/www.pont-mahe.com\/wp-content\/uploads\/2026\/02\/brush.webp\" media=\"(max-width: 850px)\"><source srcset=\"https:\/\/www.pont-mahe.com\/wp-content\/uploads\/2026\/02\/brush.webp\" media=\"(max-width: 1024px)\"><source srcset=\"https:\/\/www.pont-mahe.com\/wp-content\/uploads\/2026\/02\/brush.webp\" media=\"(min-width: 1025px)\"><img decoding=\"async\" src=\"https:\/\/www.pont-mahe.com\/wp-content\/uploads\/2026\/02\/brush.webp\" width=\"420\" height=\"210\" loading=\"lazy\" alt=\"\" title=\"\"><\/picture><\/figure><p class=\"center\" style=\"text-align: center;\"  >Sanitary<\/p><\/div><div class=\"columns__item\"><figure class=\"picto\"><picture><source srcset=\"https:\/\/www.pont-mahe.com\/wp-content\/uploads\/2026\/02\/laverie-286x420.webp\" media=\"(max-width: 210px)\"><source srcset=\"https:\/\/www.pont-mahe.com\/wp-content\/uploads\/2026\/02\/laverie-580x850.webp\" media=\"(max-width: 420px)\"><source srcset=\"https:\/\/www.pont-mahe.com\/wp-content\/uploads\/2026\/02\/laverie-768x1126.webp\" media=\"(max-width: 850px)\"><source srcset=\"https:\/\/www.pont-mahe.com\/wp-content\/uploads\/2026\/02\/laverie-698x1024.webp\" media=\"(max-width: 1024px)\"><source srcset=\"https:\/\/www.pont-mahe.com\/wp-content\/uploads\/2026\/02\/laverie.webp\" media=\"(min-width: 1025px)\"><img decoding=\"async\" src=\"https:\/\/www.pont-mahe.com\/wp-content\/uploads\/2026\/02\/laverie-286x420.webp\" width=\"420\" height=\"210\" loading=\"lazy\" alt=\"\" title=\"\"><\/picture><\/figure><figure class=\"brush\"><picture><source srcset=\"https:\/\/www.pont-mahe.com\/wp-content\/uploads\/2026\/02\/brush.webp\" media=\"(max-width: 210px)\"><source srcset=\"https:\/\/www.pont-mahe.com\/wp-content\/uploads\/2026\/02\/brush.webp\" media=\"(max-width: 420px)\"><source srcset=\"https:\/\/www.pont-mahe.com\/wp-content\/uploads\/2026\/02\/brush.webp\" media=\"(max-width: 850px)\"><source srcset=\"https:\/\/www.pont-mahe.com\/wp-content\/uploads\/2026\/02\/brush.webp\" media=\"(max-width: 1024px)\"><source srcset=\"https:\/\/www.pont-mahe.com\/wp-content\/uploads\/2026\/02\/brush.webp\" media=\"(min-width: 1025px)\"><img decoding=\"async\" src=\"https:\/\/www.pont-mahe.com\/wp-content\/uploads\/2026\/02\/brush.webp\" width=\"420\" height=\"210\" loading=\"lazy\" alt=\"\" title=\"\"><\/picture><\/figure><p class=\"center\" style=\"text-align: center;\"  >Laundry<\/p><\/div><\/div>\n\n<div class=\"columns reverse-mob\" style=\"align-items:center;\"><div class=\"columns__item media fade-left\" style=\"align-self:center;\"><div class=\"gallery\"><figure class=\"gallery__item\"><picture><source srcset=\"https:\/\/www.pont-mahe.com\/wp-content\/uploads\/2026\/02\/reception-420x280.webp\" media=\"(max-width: 210px)\"><source srcset=\"https:\/\/www.pont-mahe.com\/wp-content\/uploads\/2026\/02\/reception.webp\" media=\"(max-width: 420px)\"><source srcset=\"https:\/\/www.pont-mahe.com\/wp-content\/uploads\/2026\/02\/reception.webp\" media=\"(max-width: 850px)\"><source srcset=\"https:\/\/www.pont-mahe.com\/wp-content\/uploads\/2026\/02\/reception.webp\" media=\"(max-width: 1024px)\"><source srcset=\"https:\/\/www.pont-mahe.com\/wp-content\/uploads\/2026\/02\/reception.webp\" media=\"(min-width: 1025px)\"><img decoding=\"async\" src=\"https:\/\/www.pont-mahe.com\/wp-content\/uploads\/2026\/02\/reception-420x280.webp\" width=\"420\" height=\"210\" loading=\"lazy\" alt=\"\" title=\"\"><\/picture><\/figure><\/div><\/div><div class=\"columns__item texte fade-right\" style=\"align-self:center;\"><h2 class=\"span-h2 right span-vert-clair\" style=\"color: var(--vert);\">Services at the 4-star campsite <span class=\"fc-span\">between Southern Brittany and Loire-Atlantique<\/span><\/h2><h3 class=\"h4\">Reception at our budget campsite in Loire-Atlantique<\/h3><p    >At reception, Marie and Sandrine welcome you with a smile to our 4-star seaside campsite with direct access to the beach, in <strong>Ass\u00e9rac at the gateway to Gu\u00e9rande<\/strong>, to help you make the most of your vacation in Loire-Atlantique and Southern Brittany.<\/p><div class=\"lireplus fc-desk\"><p    >Read more<\/p><div class=\"group\"><p    ><strong>The reception is open :<\/strong><\/p><ul><li>8:30 am to 12:00 pm and 2:30 pm to 7:00 pm<strong> in high season<\/strong>\n<\/li><li>  9:00 am to 12:00 pm and 3:00 pm to 6:00 pm <strong>in low season<\/strong>\n<\/li><\/ul><p    >Tourist brochures at reception, information and advice to help you enjoy your stay at our campsite in<strong> Loire-Atlantique<\/strong> and Southern Brittany, at a very reasonable price! Languages spoken at reception: French, English, German. For information and reservations, reception is open all year round.  <\/p><\/div><\/div><\/div><\/div>\n\n<div class=\"columns has-bleu-fonce-bg-color has-bg align-full\" style=\"align-items:center;background-color:var(--bleu-fonce);\"><div class=\"columns__item texte fade-left\" style=\"align-self:center;\"><h3 class=\"h2 span-h2 left\">The grocery store <span class=\"fc-span\">at our campsite in Loire Atlantique<\/span><\/h3><p    >In the campsite grocery store, you&#8217;ll find all the essentials:<\/p><ul><li>Basic groceries (butter, pasta, jam, etc.) ;\n<\/li><li>Bread and pastries baked on the premises from 8:30 a.m. in July and August and 9:00 a.m. out of season, depending on the number of visitors (reservations must be made the day before for the following day);\n<\/li><li>Newspapers (July and August).\n<\/li><\/ul><\/div><div class=\"columns__item media fade-right\" style=\"align-self:center;\"><div class=\"gallery\"><figure class=\"gallery__item\"><picture><source srcset=\"https:\/\/www.pont-mahe.com\/wp-content\/uploads\/2026\/02\/epicerie-1-420x280.webp\" media=\"(max-width: 210px)\"><source srcset=\"https:\/\/www.pont-mahe.com\/wp-content\/uploads\/2026\/02\/epicerie-1.webp\" media=\"(max-width: 420px)\"><source srcset=\"https:\/\/www.pont-mahe.com\/wp-content\/uploads\/2026\/02\/epicerie-1.webp\" media=\"(max-width: 850px)\"><source srcset=\"https:\/\/www.pont-mahe.com\/wp-content\/uploads\/2026\/02\/epicerie-1.webp\" media=\"(max-width: 1024px)\"><source srcset=\"https:\/\/www.pont-mahe.com\/wp-content\/uploads\/2026\/02\/epicerie-1.webp\" media=\"(min-width: 1025px)\"><img decoding=\"async\" src=\"https:\/\/www.pont-mahe.com\/wp-content\/uploads\/2026\/02\/epicerie-1-420x280.webp\" width=\"420\" height=\"210\" loading=\"lazy\" alt=\"\" title=\"\"><\/picture><\/figure><\/div><\/div><\/div>\n\n<div class=\"columns sec-10 reverse-mob\"><div class=\"columns__item media fade-right\"><div class=\"gallery\"><figure class=\"gallery__item\"><picture><source srcset=\"https:\/\/www.pont-mahe.com\/wp-content\/uploads\/2026\/02\/sanitaires-420x280.webp\" media=\"(max-width: 210px)\"><source srcset=\"https:\/\/www.pont-mahe.com\/wp-content\/uploads\/2026\/02\/sanitaires-850x566.webp\" media=\"(max-width: 420px)\"><source srcset=\"https:\/\/www.pont-mahe.com\/wp-content\/uploads\/2026\/02\/sanitaires-768x512.webp\" media=\"(max-width: 850px)\"><source srcset=\"https:\/\/www.pont-mahe.com\/wp-content\/uploads\/2026\/02\/sanitaires.webp\" media=\"(max-width: 1024px)\"><source srcset=\"https:\/\/www.pont-mahe.com\/wp-content\/uploads\/2026\/02\/sanitaires.webp\" media=\"(min-width: 1025px)\"><img decoding=\"async\" src=\"https:\/\/www.pont-mahe.com\/wp-content\/uploads\/2026\/02\/sanitaires-420x280.webp\" width=\"420\" height=\"210\" loading=\"lazy\" alt=\"\" title=\"\"><\/picture><\/figure><\/div><\/div><div class=\"columns__item texte fade-left\" style=\"align-self:center;\"><h3 class=\"h2 span-h2 right span-vert-clair\" style=\"color: var(--vert);\">A multitude of services <span class=\"fc-span\">for your comfort at the campsite<\/span><\/h3><p    >Wheelchair-accessible sanitary facilities, baby kit, laundry room with washing machine and dryer at reception, with ironing board and iron. Barbecue area! Barbecues are available next to reception!<\/p><p    >5 charcoal barbecues are available and accessible to all! (We do not accept electric or gas barbecues on pitches). <\/p><div class=\"lireplus fc-desk\"><p    >Read more<\/p><div class=\"group\"><p   id=\"246\" >Numerous services for a relaxing vacation at our <a href=\"https:\/\/www.pont-mahe.com\/en\/campsite-loire-atlantique\/\" data-type=\"page\" data-id=\"246\">campsite in 44<\/a>, by the sea or in the water park, in Ass\u00e9rac on the Gu\u00e9rande peninsula, between southern Brittany and Loire-Atlantique!<\/p><h3 class=\"h4\">Our campsite services &#8211; new for 2025<\/h3><ul><li>Rental of cotton sheets for 1 and 2 people, rental of bath towels, mats and tea towels (please contact the campsite for reservations); \n<\/li><li>Wifi for a fee (preferential rates) anywhere in the campsite.\n<\/li><\/ul><\/div><\/div><\/div><\/div>\n\n<div class=\"columns\" style=\"align-items:center;\"><div class=\"columns__item texte fade-right\" style=\"align-self:center;\"><h2 class=\"span-h2 left span-marron-clair\" style=\"color: var(--marron);\">4-star camping: <span class=\"fc-span\">ideal for the Loire-Atlantique region<\/span><\/h2><p    >Discovering the Loire-Atlantique region from the<strong> 4-star Camping du Pont Mah\u00e9<\/strong> means taking advantage of an ideal location to explore this region rich in natural landscapes and heritage. Between land and sea, the campsite offers the perfect base for adventure. Whether you&#8217;re a fan of wild beaches, nature walks or cultural visits, everything is within easy reach.  <\/p><div class=\"lireplus fc-desk\"><p    >Read more<\/p><div class=\"group\"><p   id=\"263\" ><strong>Pont Mah\u00e9 beach<\/strong>, just a stone&#8217;s throw from the campsite, is a favorite spot for water sports enthusiasts and seaside relaxation. You can also explore the charming coastal villages of <a href=\"https:\/\/www.pont-mahe.com\/en\/alentours\/piriac-sur-mer\/\" data-type=\"alentours\" data-id=\"263\">Piriac-sur-Mer<\/a> and <strong>La Roche-Bernard<\/strong>, with their authentic character and breathtaking ocean views. <\/p><\/div><\/div><\/div><div class=\"columns__item media fade-left\" style=\"align-self:center;\"><div class=\"gallery\"><figure class=\"gallery__item\"><picture><source srcset=\"https:\/\/www.pont-mahe.com\/wp-content\/uploads\/2026\/02\/sanitaire-420x280.webp\" media=\"(max-width: 210px)\"><source srcset=\"https:\/\/www.pont-mahe.com\/wp-content\/uploads\/2026\/02\/sanitaire-850x566.webp\" media=\"(max-width: 420px)\"><source srcset=\"https:\/\/www.pont-mahe.com\/wp-content\/uploads\/2026\/02\/sanitaire-768x512.webp\" media=\"(max-width: 850px)\"><source srcset=\"https:\/\/www.pont-mahe.com\/wp-content\/uploads\/2026\/02\/sanitaire.webp\" media=\"(max-width: 1024px)\"><source srcset=\"https:\/\/www.pont-mahe.com\/wp-content\/uploads\/2026\/02\/sanitaire.webp\" media=\"(min-width: 1025px)\"><img decoding=\"async\" src=\"https:\/\/www.pont-mahe.com\/wp-content\/uploads\/2026\/02\/sanitaire-420x280.webp\" width=\"420\" height=\"210\" loading=\"lazy\" alt=\"\" title=\"\"><\/picture><\/figure><\/div><\/div><\/div>\n\n<div class=\"group sec-15\"><h3 class=\"h2 span-h2\" style=\"text-align: center;color: var(--bleu-fonce);\">A vacation between nature and the sea <span class=\"fc-span\">in Loire Atlantique<\/span><\/h3><p class=\"mini center\" style=\"text-align: center;\"  >Nature lovers will be delighted to explore the trails of the <a href=\"https:\/\/www.parc-naturel-briere.com\/\" target=\"_blank\" rel=\"noreferrer noopener\"><strong>Parc Naturel R\u00e9gional de Bri\u00e8re<\/strong><\/a>one of France&#8217;s largest wetlands, where flora and fauna are revealed in a peaceful setting. Cyclists will appreciate the cycle paths along the coast and through the Gu\u00e9rande salt marshes. <\/p><div class=\"lireplus fc-mob\"><p class=\"center\" style=\"text-align: center;\"  >Read more<\/p><div class=\"group\"><p class=\"mini center\" style=\"text-align: center;\" id=\"262\" >From the<a href=\"https:\/\/www.pont-mahe.com\/en\/alentours\/penestin\/\" data-type=\"alentours\" data-id=\"262\"> <strong>campsite near Penestin<\/strong><\/a>every day is a new opportunity to discover the treasures of the Loire-Atlantique region, while enjoying the comfort and services of a 4-star establishment. A vacation experience that combines relaxation, exploration and fun with family and friends. <\/p><\/div><\/div><\/div>\n\n<div class=\"columns reverse-mob has-bleu-fonce-bg-color has-bg align-full\" style=\"align-items:center;background-color:var(--bleu-fonce);\"><div class=\"columns__item media fade-right\" style=\"align-self:center;\"><div class=\"gallery\"><figure class=\"gallery__item\"><picture><source srcset=\"https:\/\/www.pont-mahe.com\/wp-content\/uploads\/2026\/02\/guerande-header-420x236.webp\" media=\"(max-width: 210px)\"><source srcset=\"https:\/\/www.pont-mahe.com\/wp-content\/uploads\/2026\/02\/guerande-header-850x478.webp\" media=\"(max-width: 420px)\"><source srcset=\"https:\/\/www.pont-mahe.com\/wp-content\/uploads\/2026\/02\/guerande-header-768x432.webp\" media=\"(max-width: 850px)\"><source srcset=\"https:\/\/www.pont-mahe.com\/wp-content\/uploads\/2026\/02\/guerande-header-1024x576.webp\" media=\"(max-width: 1024px)\"><source srcset=\"https:\/\/www.pont-mahe.com\/wp-content\/uploads\/2026\/02\/guerande-header.webp\" media=\"(min-width: 1025px)\"><img decoding=\"async\" src=\"https:\/\/www.pont-mahe.com\/wp-content\/uploads\/2026\/02\/guerande-header-420x236.webp\" width=\"420\" height=\"210\" loading=\"lazy\" alt=\"\" title=\"\"><\/picture><\/figure><\/div><\/div><div class=\"columns__item texte fade-left\" style=\"align-self:center;\"><h2 class=\"right span-h2\">Stay at a cheap campsite <span class=\"fc-span\">in Loire-Atlantique: a good vacation plan<\/span><\/h2><h3 class=\"h4\">Affordable vacations at low prices in Loire Atlantique<\/h3><p   id=\"251\" >Opting for a <strong>low-cost campsite in Loire-Atlantique<\/strong> means choosing a low-cost vacation while enjoying pleasant surroundings and quality services. Many affordable campsites offer <a href=\"https:\/\/www.pont-mahe.com\/en\/rentals\/\" data-type=\"page\" data-id=\"251\"><strong>comfortable accommodation<\/strong><\/a>spacious pitches and a wide range of facilities: swimming pool, playground, entertainment&#8230; You&#8217;ll benefit from excellent value for money for your vacations by the sea or in the countryside. <\/p><div class=\"lireplus fc-desk\"><p    >Read more<\/p><div class=\"group\"><h3 class=\"h4\">Low-price camping in the Loire-Atlantique region<\/h3><p    >An economical stay in this region allows you to devote more of your budget to <strong>local activities<\/strong>: bike rides, visits to natural or historical sites, local markets, boat trips or tastings of local produce. The diversity of landscapes and discoveries in <strong>Loire-Atlantique<\/strong> offers a rich experience, even on a small budget. An affordable campsite is the ideal starting point for enjoying all the region has to offer, without breaking the bank.  <\/p><\/div><\/div><\/div><\/div>","protected":false},"excerpt":{"rendered":"<p>4-star campsite services in Loire-Atlantique Camping le Domaine de Pont-Mah\u00e9 in Ass\u00e9rac near Gu\u00e9rande, between Southern Brittany and Loire-Atlantique, offers useful and practical services to make your vacation as easy as it is relaxing, far from the constraints of everyday life. The snack bar at our budget campsite in Loire-Atlantique The snack bar, the ideal [&hellip;]<\/p>\n","protected":false},"author":1,"featured_media":0,"parent":0,"menu_order":0,"comment_status":"open","ping_status":"open","template":"","meta":{"_acf_changed":false,"footnotes":""},"acf":[],"_links":{"self":[{"href":"https:\/\/www.pont-mahe.com\/en\/wp-json\/wp\/v2\/pages\/1056"}],"collection":[{"href":"https:\/\/www.pont-mahe.com\/en\/wp-json\/wp\/v2\/pages"}],"about":[{"href":"https:\/\/www.pont-mahe.com\/en\/wp-json\/wp\/v2\/types\/page"}],"author":[{"embeddable":true,"href":"https:\/\/www.pont-mahe.com\/en\/wp-json\/wp\/v2\/users\/1"}],"replies":[{"embeddable":true,"href":"https:\/\/www.pont-mahe.com\/en\/wp-json\/wp\/v2\/comments?post=1056"}],"version-history":[{"count":6,"href":"https:\/\/www.pont-mahe.com\/en\/wp-json\/wp\/v2\/pages\/1056\/revisions"}],"predecessor-version":[{"id":1148,"href":"https:\/\/www.pont-mahe.com\/en\/wp-json\/wp\/v2\/pages\/1056\/revisions\/1148"}],"wp:attachment":[{"href":"https:\/\/www.pont-mahe.com\/en\/wp-json\/wp\/v2\/media?parent=1056"}],"curies":[{"name":"wp","href":"https:\/\/api.w.org\/{rel}","templated":true}]}}