{"id":1053,"date":"2026-02-12T11:33:02","date_gmt":"2026-02-12T10:33:02","guid":{"rendered":"https:\/\/www.pont-mahe.com\/campsite-loire-atlantique\/"},"modified":"2026-03-12T09:45:33","modified_gmt":"2026-03-12T08:45:33","slug":"campsite-loire-atlantique","status":"publish","type":"page","link":"https:\/\/www.pont-mahe.com\/en\/campsite-loire-atlantique\/","title":{"rendered":"Campsite Loire Atlantique"},"content":{"rendered":"<div class=\"diaporama-header align-full\"><div class=\"gallery\"><figure class=\"gallery__item\"><picture><source srcset=\"https:\/\/www.pont-mahe.com\/wp-content\/uploads\/2026\/02\/pont-mahe-420x315.webp\" media=\"(max-width: 210px)\"><source srcset=\"https:\/\/www.pont-mahe.com\/wp-content\/uploads\/2026\/02\/pont-mahe-850x638.webp\" media=\"(max-width: 420px)\"><source srcset=\"https:\/\/www.pont-mahe.com\/wp-content\/uploads\/2026\/02\/pont-mahe-768x576.webp\" media=\"(max-width: 850px)\"><source srcset=\"https:\/\/www.pont-mahe.com\/wp-content\/uploads\/2026\/02\/pont-mahe-1024x768.webp\" media=\"(max-width: 1024px)\"><source srcset=\"https:\/\/www.pont-mahe.com\/wp-content\/uploads\/2026\/02\/pont-mahe.webp\" media=\"(min-width: 1025px)\"><img loading=\"lazy\" decoding=\"async\" src=\"https:\/\/www.pont-mahe.com\/wp-content\/uploads\/2026\/02\/pont-mahe-420x315.webp\" width=\"420\" height=\"210\" alt=\"\" title=\"\"><\/picture><\/figure><\/div><div class=\"diaporama-header__inner\"><\/div><\/div><div class=\"group sec-15\"><h1 class=\"span-h2 span-vert-clair\" style=\"text-align: center;color: var(--vert);\">4-star campsite <span class=\"fc-span\">in Loire-Atlantique<\/span><\/h1><p class=\"center\" style=\"text-align: center;\" id=\"241\" >Our <a href=\"https:\/\/www.pont-mahe.com\/en\/\" target=\"_blank\" data-type=\"page\" data-id=\"241\" rel=\"noreferrer noopener\">campsite in Loire-Atlantique<\/a>, Domaine de Pont-Mah\u00e9 is ideally located for a camping vacation. You&#8217;ll stay right <strong>by the sea<\/strong>, on the Gu\u00e9rande peninsula, and enjoy quality accommodation. At our<strong> 4-star campsite<\/strong>, we take great care to make sure you have the best vacation possible!  <\/p><div class=\"buttons display-flex \" style=\"justify-content:center;\"><span class=\"buttons__btn btn-resa\" style=\"color:var(--orange-clair);\">I reserve<\/span><\/div><\/div><div class=\"columns has-bleu-fonce-bg-color has-bg align-full\" style=\"align-items:center;background-color:var(--bleu-fonce);\"><div class=\"columns__item texte fade-left\" style=\"align-self:center;\"><h2 class=\"span-h2 left\"><span class=\"fc-span\">Cheap<\/span> accommodation for all <span class=\"fc-span\">the family in Loire-Atlantique<\/span><\/h2><p   id=\"251\" >Well-designed, fully-equipped mobile homes welcome you for your <strong>camping holidays by the sea in Loire-Atlantique<\/strong>. With 2 or 3 bedrooms and a capacity of up to 8 people, the different models of <a href=\"https:\/\/www.pont-mahe.com\/en\/rentals\/\" data-type=\"page\" data-id=\"251\" target=\"_blank\" rel=\"noreferrer noopener\">mobile homes for rent<\/a> are ideal for vacations with a partner or family. With a <strong>fully-equipped kitchen, private bathroom and WC<\/strong>, you&#8217;ll have all the comforts you need for a pleasant stay. All our mobile homes also feature a <strong>covered terrace and garden furniture<\/strong>.   <\/p><div class=\"lireplus fc-desk\"><p    >Read more<\/p><div class=\"group\"><p    >Our <strong>4-star campsite in Loire Atlantique<\/strong> also offers rental of 20m\u00b2 chalets with kitchen, living area and bathroom. Accommodating 2 to 4 people, they extend onto a terrace with garden furniture. If you&#8217;re looking for unusual accommodation, check out our canvas bungalows: with a surface area of 20 or 35m\u00b2, these fully-equipped tents offer everything you need for a comfortable vacation, with bedrooms, lounge area and fully-equipped kitchen.  <\/p><\/div><\/div><\/div><div class=\"columns__item media fade-right\" style=\"align-self:center;\"><div class=\"gallery\"><figure class=\"gallery__item\"><picture><source srcset=\"https:\/\/www.pont-mahe.com\/wp-content\/uploads\/2026\/02\/AdobeStock_148096490-3-1-420x420.webp\" media=\"(max-width: 210px)\"><source srcset=\"https:\/\/www.pont-mahe.com\/wp-content\/uploads\/2026\/02\/AdobeStock_148096490-3-1-848x850.webp\" media=\"(max-width: 420px)\"><source srcset=\"https:\/\/www.pont-mahe.com\/wp-content\/uploads\/2026\/02\/AdobeStock_148096490-3-1-768x770.webp\" media=\"(max-width: 850px)\"><source srcset=\"https:\/\/www.pont-mahe.com\/wp-content\/uploads\/2026\/02\/AdobeStock_148096490-3-1.webp\" media=\"(max-width: 1024px)\"><source srcset=\"https:\/\/www.pont-mahe.com\/wp-content\/uploads\/2026\/02\/AdobeStock_148096490-3-1.webp\" media=\"(min-width: 1025px)\"><img decoding=\"async\" src=\"https:\/\/www.pont-mahe.com\/wp-content\/uploads\/2026\/02\/AdobeStock_148096490-3-1-420x420.webp\" width=\"420\" height=\"210\" loading=\"lazy\" alt=\"\" title=\"\"><\/picture><\/figure><\/div><\/div><\/div><div class=\"columns sec-10 reverse-mob\"><div class=\"columns__item media fade-right\"><div class=\"gallery\"><figure class=\"gallery__item\"><picture><source srcset=\"https:\/\/www.pont-mahe.com\/wp-content\/uploads\/2026\/02\/emplacement-caravane-420x168.webp\" media=\"(max-width: 210px)\"><source srcset=\"https:\/\/www.pont-mahe.com\/wp-content\/uploads\/2026\/02\/emplacement-caravane-850x340.webp\" media=\"(max-width: 420px)\"><source srcset=\"https:\/\/www.pont-mahe.com\/wp-content\/uploads\/2026\/02\/emplacement-caravane-768x307.webp\" media=\"(max-width: 850px)\"><source srcset=\"https:\/\/www.pont-mahe.com\/wp-content\/uploads\/2026\/02\/emplacement-caravane.webp\" media=\"(max-width: 1024px)\"><source srcset=\"https:\/\/www.pont-mahe.com\/wp-content\/uploads\/2026\/02\/emplacement-caravane.webp\" media=\"(min-width: 1025px)\"><img decoding=\"async\" src=\"https:\/\/www.pont-mahe.com\/wp-content\/uploads\/2026\/02\/emplacement-caravane-420x168.webp\" width=\"420\" height=\"210\" loading=\"lazy\" alt=\"\" title=\"\"><\/picture><\/figure><\/div><\/div><div class=\"columns__item texte fade-left\" style=\"align-self:center;\"><h2 class=\"span-h2 right span-vert-clair\" style=\"color: var(--vert);\"><span class=\"fc-span\">Campsites in the heart of nature<\/span><\/h2><p   id=\"249\" >Would you like to pitch your tent, caravan or motorhome? Our <strong>seaside campsite in Loire-Atlantique<\/strong> offers pleasant <a href=\"https:\/\/www.pont-mahe.com\/en\/locations\/\" data-type=\"page\" data-id=\"249\" target=\"_blank\" rel=\"noreferrer noopener\">pitches near Gu\u00e9rande<\/a> in a natural setting.   <\/p><div class=\"lireplus fc-mob\"><p    >Read more<\/p><div class=\"group\"><p    >Surrounded by the trees and flowers of the Domaine de Pont-Mah\u00e9, these are <strong>grassy plots of 80 to 100m\u00b2<\/strong>, framed by hedges. You can park your vehicle and have access to comfortable sanitary facilities. An <strong>electrical connection<\/strong> is also available.  <\/p><\/div><\/div><\/div><\/div><div class=\"columns\" style=\"align-items:center;\"><div class=\"columns__item texte fade-right\" style=\"align-self:center;\"><h2 class=\"span-h2 left span-marron-clair\" style=\"color: var(--marron);\">The water park at our <span class=\"fc-span\">Loire-Atlantique campsite<\/span><\/h2><p   id=\"252\" >Domaine de Pont-Mah\u00e9 is just 250 meters from a <strong>family beach in Ass\u00e9rac, near Gu\u00e9rande<\/strong>, but you&#8217;ll also find a beautiful <a href=\"https:\/\/www.pont-mahe.com\/en\/swimming-pool\/\" data-type=\"page\" data-id=\"252\" target=\"_blank\" rel=\"noreferrer noopener\">aquatic area in Loire-Atlantique<\/a>. With its two pools, it&#8217;s the ideal place to enjoy the pleasures of the water all day long! A meeting point for the whole family, the campsite&#8217;s indoor pool is ideal for swimming whatever the weather, with water pleasantly heated to 28\u00b0C.  <\/p><div class=\"lireplus fc-desk\"><p    >Read more<\/p><div class=\"group\"><h3 class=\"h4\">An ideal water park on a budget campsite<\/h3><p    >If you&#8217;d like to take advantage of your vacation for a bit of sporting activity, your <strong>4-star campsite in Loire-Atlantique<\/strong> organizes fitness and aquagym sessions throughout the summer. Or do you simply want to relax? Then the <strong>deckchairs<\/strong> are waiting for you, for a reading break or a little nap <strong>by the pool<\/strong>!  <\/p><p    >For <strong>family fun<\/strong>, don&#8217;t miss aquafun at the pool, offered once or twice a week. And what about the kids? They&#8217;ll be in heaven, with an <strong>outdoor paddling pool<\/strong> where they can splash around in complete safety. With a <strong>slide for the little ones and a water mushroom<\/strong>, it&#8217;s the perfect place for countless games to delight the whole family!   <\/p><\/div><\/div><\/div><div class=\"columns__item media fade-left\" style=\"align-self:center;\"><div class=\"gallery\"><figure class=\"gallery__item\"><picture><source srcset=\"https:\/\/www.pont-mahe.com\/wp-content\/uploads\/2026\/02\/AdobeStock_148096490-12-1-420x420.webp\" media=\"(max-width: 210px)\"><source srcset=\"https:\/\/www.pont-mahe.com\/wp-content\/uploads\/2026\/02\/AdobeStock_148096490-12-1-848x850.webp\" media=\"(max-width: 420px)\"><source srcset=\"https:\/\/www.pont-mahe.com\/wp-content\/uploads\/2026\/02\/AdobeStock_148096490-12-1-768x770.webp\" media=\"(max-width: 850px)\"><source srcset=\"https:\/\/www.pont-mahe.com\/wp-content\/uploads\/2026\/02\/AdobeStock_148096490-12-1.webp\" media=\"(max-width: 1024px)\"><source srcset=\"https:\/\/www.pont-mahe.com\/wp-content\/uploads\/2026\/02\/AdobeStock_148096490-12-1.webp\" media=\"(min-width: 1025px)\"><img decoding=\"async\" src=\"https:\/\/www.pont-mahe.com\/wp-content\/uploads\/2026\/02\/AdobeStock_148096490-12-1-420x420.webp\" width=\"420\" height=\"210\" loading=\"lazy\" alt=\"\" title=\"\"><\/picture><\/figure><\/div><\/div><\/div><div class=\"columns sec-10 reverse-mob\" style=\"align-items:center;\"><div class=\"columns__item media fade-left\" style=\"align-self:center;\"><div class=\"gallery\"><figure class=\"gallery__item\"><picture><source srcset=\"https:\/\/www.pont-mahe.com\/wp-content\/uploads\/2026\/02\/bar-snack-2000x800-1-420x168.webp\" media=\"(max-width: 210px)\"><source srcset=\"https:\/\/www.pont-mahe.com\/wp-content\/uploads\/2026\/02\/bar-snack-2000x800-1-850x340.webp\" media=\"(max-width: 420px)\"><source srcset=\"https:\/\/www.pont-mahe.com\/wp-content\/uploads\/2026\/02\/bar-snack-2000x800-1-768x307.webp\" media=\"(max-width: 850px)\"><source srcset=\"https:\/\/www.pont-mahe.com\/wp-content\/uploads\/2026\/02\/bar-snack-2000x800-1.webp\" media=\"(max-width: 1024px)\"><source srcset=\"https:\/\/www.pont-mahe.com\/wp-content\/uploads\/2026\/02\/bar-snack-2000x800-1.webp\" media=\"(min-width: 1025px)\"><img decoding=\"async\" src=\"https:\/\/www.pont-mahe.com\/wp-content\/uploads\/2026\/02\/bar-snack-2000x800-1-420x168.webp\" width=\"420\" height=\"210\" loading=\"lazy\" alt=\"\" title=\"\"><\/picture><\/figure><\/div><\/div><div class=\"columns__item texte fade-right\" style=\"align-self:center;\"><h2 class=\"span-h2 right span-vert-clair\" style=\"color: var(--vert);\">The services of our campsite <span class=\"fc-span\">ideally located in Loire Atlantique<\/span><\/h2><p   id=\"245\" >The Domaine de Pont-Mah\u00e9 does everything in its power to make your vacation as enjoyable as possible. With a smile, our teams will advise you on how to discover <strong>Southern Brittany<\/strong> and book your activities. And you&#8217;ll find <a href=\"https:\/\/www.pont-mahe.com\/en\/services\/\" data-type=\"page\" data-id=\"245\" target=\"_blank\" rel=\"noreferrer noopener\">all the services you need at the campsite<\/a>!  <\/p><div class=\"lireplus fc-desk\"><p    >Read more<\/p><div class=\"group\"><h3 class=\"h4\">A well-equipped, inexpensive campsite in Loire-Atlantique<\/h3><p    >Thanks to <strong>the grocery store<\/strong>, you&#8217;ll never be short of anything. Reserve your hot bread or delicious pastries every day. Right next to the campsite&#8217;s auditorium, the <strong>snack bar<\/strong> is the place to go for a drink or to satisfy a hunger, all in a <strong>friendly atmosphere<\/strong> around the pool table. The campsite also offers barbecues, so you can prepare your own grills!   <\/p><p    >The full range of services offered by our <strong>4-star campsite in Loire-Atlantique<\/strong> means you can spend your vacations in complete peace of mind. You&#8217;ll find a laundry with washing machine, tumble dryer, ironing board and iron. We also make a point of guaranteeing PRM access to the campsite&#8217;s sanitary facilities.  <\/p><p    >The little ones are pampered during your stay. You can take advantage of our baby kits and enroll them in the kids&#8217; club, where a multitude of activities await them! They&#8217;ll also make new friends in the campsite playground.  <\/p><\/div><\/div><\/div><\/div><div class=\"group sec-15\"><h2 class=\"span-h2 span-marron-clair\" style=\"text-align: center;color: var(--marron);\">Discover the area around our campsite <span class=\"fc-span\">in Loire-Atlantique<\/span><\/h2><p class=\"center\" style=\"text-align: center;\" id=\"242\" >Rent a mobile home or a pitch at the Domaine de Pont-Mah\u00e9 campsite, and enjoy the most beautiful <a href=\"https:\/\/www.pont-mahe.com\/en\/surroundings\/\" data-type=\"page\" data-id=\"242\"><strong>vacations in Southern Brittany<\/strong> <\/a>! Discover the magnificent Gu\u00e9rande peninsula, with its salt marshes: a visit, guided by the salt workers, is one of the must-do activities in the vicinity of your <strong>seaside campsite in Loire-Atlantique<\/strong>. Numerous beaches await you, such as Pont-Mah\u00e9, within walking distance of the campsite, and the legendary <strong>Mine d&#8217;Or beach in <a href=\"https:\/\/www.pont-mahe.com\/en\/alentours\/penestin\/\" data-type=\"alentours\" data-id=\"262\">P\u00e9nestin<\/a><\/strong>, only a quarter of an hour away. Whether for swimming or water sports, you&#8217;ll be spoilt for choice.  <\/p><div class=\"lireplus center fc-desk\"><p class=\"center\" style=\"text-align: center;\"  >Read more<\/p><div class=\"group\"><p class=\"center\" style=\"text-align: center;\" id=\"263\" >From our campsite in Ass\u00e9rac, it&#8217;s just a few minutes to the picturesque town of <a href=\"https:\/\/www.pont-mahe.com\/en\/alentours\/piriac-sur-mer\/\" data-type=\"alentours\" data-id=\"263\" target=\"_blank\" rel=\"noreferrer noopener\">Piriac-sur-Mer<\/a>, then to the port of Le Croisic to admire the boats, and finally to the historic center of Gu\u00e9rande. After your strolls along this sublime coastline, we also recommend discovering the banks of the Vilaine, with its emblematic bridges and the majestic medieval town of La Roche-Bernard. <\/p><\/div><\/div><\/div>","protected":false},"excerpt":{"rendered":"<p>4-star campsite in Loire-Atlantique Our campsite in Loire-Atlantique, Domaine de Pont-Mah\u00e9 is ideally located for a camping vacation. You&#8217;ll stay right by the sea, on the Gu\u00e9rande peninsula, and enjoy quality accommodation. At our 4-star campsite, we take great care to make sure you have the best vacation possible! Cheap accommodation for all the family [&hellip;]<\/p>\n","protected":false},"author":1,"featured_media":0,"parent":0,"menu_order":0,"comment_status":"open","ping_status":"open","template":"","meta":{"_acf_changed":false,"footnotes":""},"acf":[],"_links":{"self":[{"href":"https:\/\/www.pont-mahe.com\/en\/wp-json\/wp\/v2\/pages\/1053"}],"collection":[{"href":"https:\/\/www.pont-mahe.com\/en\/wp-json\/wp\/v2\/pages"}],"about":[{"href":"https:\/\/www.pont-mahe.com\/en\/wp-json\/wp\/v2\/types\/page"}],"author":[{"embeddable":true,"href":"https:\/\/www.pont-mahe.com\/en\/wp-json\/wp\/v2\/users\/1"}],"replies":[{"embeddable":true,"href":"https:\/\/www.pont-mahe.com\/en\/wp-json\/wp\/v2\/comments?post=1053"}],"version-history":[{"count":1,"href":"https:\/\/www.pont-mahe.com\/en\/wp-json\/wp\/v2\/pages\/1053\/revisions"}],"predecessor-version":[{"id":1055,"href":"https:\/\/www.pont-mahe.com\/en\/wp-json\/wp\/v2\/pages\/1053\/revisions\/1055"}],"wp:attachment":[{"href":"https:\/\/www.pont-mahe.com\/en\/wp-json\/wp\/v2\/media?parent=1053"}],"curies":[{"name":"wp","href":"https:\/\/api.w.org\/{rel}","templated":true}]}}