{"id":1052,"date":"2026-02-12T11:33:02","date_gmt":"2026-02-12T10:33:02","guid":{"rendered":"https:\/\/www.pont-mahe.com\/rentals\/"},"modified":"2026-03-13T15:13:15","modified_gmt":"2026-03-13T14:13:15","slug":"rentals","status":"publish","type":"page","link":"https:\/\/www.pont-mahe.com\/en\/rentals\/","title":{"rendered":"Rentals"},"content":{"rendered":"<div class=\"diaporama-header align-full\"><div class=\"gallery\"><figure class=\"gallery__item\"><picture><source srcset=\"https:\/\/www.pont-mahe.com\/wp-content\/uploads\/2026\/02\/header-locations-420x168.webp\" media=\"(max-width: 210px)\"><source srcset=\"https:\/\/www.pont-mahe.com\/wp-content\/uploads\/2026\/02\/header-locations-850x340.webp\" media=\"(max-width: 420px)\"><source srcset=\"https:\/\/www.pont-mahe.com\/wp-content\/uploads\/2026\/02\/header-locations-768x307.webp\" media=\"(max-width: 850px)\"><source srcset=\"https:\/\/www.pont-mahe.com\/wp-content\/uploads\/2026\/02\/header-locations-1024x410.webp\" media=\"(max-width: 1024px)\"><source srcset=\"https:\/\/www.pont-mahe.com\/wp-content\/uploads\/2026\/02\/header-locations.webp\" media=\"(min-width: 1025px)\"><img loading=\"lazy\" decoding=\"async\" src=\"https:\/\/www.pont-mahe.com\/wp-content\/uploads\/2026\/02\/header-locations-420x168.webp\" width=\"420\" height=\"210\" alt=\"\" title=\"\"><\/picture><\/figure><\/div><div class=\"diaporama-header__inner\"><\/div><\/div>\n\n<h1 class=\"span-h2\" style=\"text-align: center;color: var(--bleu-fonce);\">Mobile home rental <span class=\"fc-span\">in Loire-Atlantique<\/span><\/h1>\n\n<div class=\"columns\" style=\"align-items:center;\"><div class=\"columns__item texte fade-right\" style=\"align-self:center;\"><h2 class=\"span-h2 left span-marron-clair\" style=\"color: var(--marron);\">A wide choice of mobile homes <span class=\"fc-span\">at our Pont Mah\u00e9 campsite!<\/span><\/h2><p   id=\"279\" >Book your<strong> mobile home rental in Ass\u00e9rac on the seafront<\/strong>, just a few minutes from Gu\u00e9rande, just 250 metres from the beach and enjoy a pleasant vacation near <a href=\"https:\/\/www.pont-mahe.com\/en\/alentours\/guerande\/\" data-type=\"alentours\" data-id=\"279\">Gu\u00e9rande<\/a> in <strong>Loire-Atlantique<\/strong>!<\/p><div class=\"lireplus fc-desk\"><p    >Read more<\/p><div class=\"group\"><p   id=\"241\" >The <a href=\"https:\/\/www.pont-mahe.com\/en\/\" data-type=\"page\" data-id=\"241\">4-star campsite in Ass\u00e9rac<\/a><strong>, <\/strong>Le Domaine de Pont Mah\u00e9, offers fully-equipped <strong>mobile homes <\/strong>for 4 to 8 people. Each mobile home has 2 or 3 bedrooms. They can accommodate from 2 to 8 people, depending on the model.    <\/p><div class=\"lireplus fc-mob\"><p    >Read more<\/p><div class=\"group\"><p   id=\"https:\/\/www.labaule-guerande.com\/decouvrir\/la-destination\/mesquer\/\" >All our mobile homes are equipped with a bathroom, a covered terrace with garden furniture and a fully-equipped kitchen. All that&#8217;s left for you to do is drop off your bags in your comfortable mobile home and set off to discover the region: Ass\u00e9rac, <a href=\"https:\/\/www.labaule-guerande.com\/decouvrir\/la-destination\/mesquer\/\" data-type=\"link\" data-id=\"https:\/\/www.labaule-guerande.com\/decouvrir\/la-destination\/mesquer\/\" target=\"_blank\" rel=\"noreferrer noopener\">Mesquer<\/a>, <a href=\"https:\/\/www.pont-mahe.com\/en\/alentours\/penestin\/\" data-type=\"alentours\" data-id=\"262\" target=\"_blank\" rel=\"noreferrer noopener\">P\u00e9nestin<\/a>, <a href=\"https:\/\/www.pont-mahe.com\/en\/alentours\/saint-molf\/\" data-type=\"alentours\" data-id=\"265\" target=\"_blank\" rel=\"noreferrer noopener\">Saint-Molf<\/a>&#8230;! <\/p><p    >Everything is done to guarantee your comfort and well-being during your <strong>mobile home vacation in Loire-Atlantique<\/strong> on the Gu\u00e9rande peninsula!<\/p><\/div><\/div><\/div><\/div><div class=\"buttons\"><span class=\"buttons__btn btn-resa\">Booking<\/span><\/div><\/div><div class=\"columns__item media fade-left\" style=\"align-self:center;\"><div class=\"gallery f-carousel fc-diapo\" data-fancybox=\"gallery\"><figure class=\"gallery__item\"><picture><source srcset=\"https:\/\/www.pont-mahe.com\/wp-content\/uploads\/2026\/02\/ocean-420x280.webp\" media=\"(max-width: 210px)\"><source srcset=\"https:\/\/www.pont-mahe.com\/wp-content\/uploads\/2026\/02\/ocean-850x566.webp\" media=\"(max-width: 420px)\"><source srcset=\"https:\/\/www.pont-mahe.com\/wp-content\/uploads\/2026\/02\/ocean-768x512.webp\" media=\"(max-width: 850px)\"><source srcset=\"https:\/\/www.pont-mahe.com\/wp-content\/uploads\/2026\/02\/ocean.webp\" media=\"(max-width: 1024px)\"><source srcset=\"https:\/\/www.pont-mahe.com\/wp-content\/uploads\/2026\/02\/ocean.webp\" media=\"(min-width: 1025px)\"><img decoding=\"async\" src=\"https:\/\/www.pont-mahe.com\/wp-content\/uploads\/2026\/02\/ocean-420x280.webp\" width=\"420\" height=\"210\" loading=\"lazy\" alt=\"\" title=\"\"><\/picture><\/figure><figure class=\"gallery__item\"><picture><source srcset=\"https:\/\/www.pont-mahe.com\/wp-content\/uploads\/2026\/02\/nemo-420x280.webp\" media=\"(max-width: 210px)\"><source srcset=\"https:\/\/www.pont-mahe.com\/wp-content\/uploads\/2026\/02\/nemo-850x566.webp\" media=\"(max-width: 420px)\"><source srcset=\"https:\/\/www.pont-mahe.com\/wp-content\/uploads\/2026\/02\/nemo-768x512.webp\" media=\"(max-width: 850px)\"><source srcset=\"https:\/\/www.pont-mahe.com\/wp-content\/uploads\/2026\/02\/nemo.webp\" media=\"(max-width: 1024px)\"><source srcset=\"https:\/\/www.pont-mahe.com\/wp-content\/uploads\/2026\/02\/nemo.webp\" media=\"(min-width: 1025px)\"><img decoding=\"async\" src=\"https:\/\/www.pont-mahe.com\/wp-content\/uploads\/2026\/02\/nemo-420x280.webp\" width=\"420\" height=\"210\" loading=\"lazy\" alt=\"\" title=\"\"><\/picture><\/figure><figure class=\"gallery__item\"><picture><source srcset=\"https:\/\/www.pont-mahe.com\/wp-content\/uploads\/2026\/02\/loggia-loc-420x279.webp\" media=\"(max-width: 210px)\"><source srcset=\"https:\/\/www.pont-mahe.com\/wp-content\/uploads\/2026\/02\/loggia-loc-850x565.webp\" media=\"(max-width: 420px)\"><source srcset=\"https:\/\/www.pont-mahe.com\/wp-content\/uploads\/2026\/02\/loggia-loc-768x511.webp\" media=\"(max-width: 850px)\"><source srcset=\"https:\/\/www.pont-mahe.com\/wp-content\/uploads\/2026\/02\/loggia-loc.webp\" media=\"(max-width: 1024px)\"><source srcset=\"https:\/\/www.pont-mahe.com\/wp-content\/uploads\/2026\/02\/loggia-loc.webp\" media=\"(min-width: 1025px)\"><img decoding=\"async\" src=\"https:\/\/www.pont-mahe.com\/wp-content\/uploads\/2026\/02\/loggia-loc-420x279.webp\" width=\"420\" height=\"210\" loading=\"lazy\" alt=\"\" title=\"\"><\/picture><\/figure><\/div><\/div><\/div>\n\n<div class=\"columns reverse-mob has-bleu-fonce-bg-color has-bg align-full\" style=\"align-items:center;background-color:var(--bleu-fonce);\"><div class=\"columns__item media fade-right\" style=\"align-self:center;\"><div class=\"gallery f-carousel fc-diapo-mob\" data-fancybox=\"gallery-mob\"><figure class=\"gallery__item\"><picture><source srcset=\"https:\/\/www.pont-mahe.com\/wp-content\/uploads\/2026\/02\/aloa-420x280.webp\" media=\"(max-width: 210px)\"><source srcset=\"https:\/\/www.pont-mahe.com\/wp-content\/uploads\/2026\/02\/aloa-850x566.webp\" media=\"(max-width: 420px)\"><source srcset=\"https:\/\/www.pont-mahe.com\/wp-content\/uploads\/2026\/02\/aloa-768x512.webp\" media=\"(max-width: 850px)\"><source srcset=\"https:\/\/www.pont-mahe.com\/wp-content\/uploads\/2026\/02\/aloa.webp\" media=\"(max-width: 1024px)\"><source srcset=\"https:\/\/www.pont-mahe.com\/wp-content\/uploads\/2026\/02\/aloa.webp\" media=\"(min-width: 1025px)\"><img decoding=\"async\" src=\"https:\/\/www.pont-mahe.com\/wp-content\/uploads\/2026\/02\/aloa-420x280.webp\" width=\"420\" height=\"210\" loading=\"lazy\" alt=\"\" title=\"\"><\/picture><\/figure><\/div><\/div><div class=\"columns__item texte fade-left\" style=\"align-self:center;\"><h2 class=\"span-h2 right\">Canvas bungalows for rent <span class=\"fc-span\">in Loire-Atlantique<\/span><\/h2><p    >Discover Domaine de Pont-Mah\u00e9&#8217;s <strong>canvas bungalow rentals<\/strong>. Book your camping vacation in Ass\u00e9rac, just 250 m from the beach! For those who want to camp without having to pitch their tent, but still keep the camping spirit, our <strong>fully-equipped canvas tents<\/strong> are ideal.    <\/p><div class=\"lireplus fc-mob\"><p    >Read more<\/p><div class=\"group\"><p    >They&#8217;re also known as <strong>canvas bungalows<\/strong>, and are the ideal compromise for combining the charm of a camping vacation with the comfort of the modern traveler! Each <strong>Loire-Atlantique camping accommodation<\/strong> has 2 bedrooms, a lounge\/kitchen area and a terrace with garden furniture. <\/p><\/div><\/div><\/div><\/div>\n\n<div class=\"group sec-15\"><h3 class=\"h2\" style=\"text-align: center;color: var(--vert);\">Practical info<\/h3><p class=\"center\" style=\"text-align: center;\"  >Only one vehicle is allowed on your mobile home pitch. All our mobile homes are equipped with a television, free of charge. Only one pet per rental, subject to acceptance and limited to 8 kg.    <\/p><div class=\"lireplus fc-mob\"><p class=\"center\" style=\"text-align: center;\"  >Read more<\/p><div class=\"group\"><p class=\"center\" style=\"text-align: center;\"  >Visitors are welcome, subject to the capacity of the mobile home and the agreement of the campsite management. A fee per visitor per day will be charged. Visitors do not have access to the showers or swimming pool. A cotton sheet rental service, for one or two people, is also available at reception.   <\/p><\/div><\/div><\/div>\n\n<div class=\"columns\" style=\"align-items:center;\"><div class=\"columns__item texte fade-right\" style=\"align-self:center;\"><h2 class=\"span-h2 left span-marron-clair\" style=\"color: var(--marron);\">A wide range of <span class=\"fc-span\">mobile home rentals<\/span><\/h2><p    >We offer several ranges of <strong>mobile homes<\/strong> for <strong>rent<\/strong> <strong>in Loire-Atlantique<\/strong>, just 250m from the beach. The Baliste Eco mobile home offers 28 m\u00b2 of space with two opposite bedrooms and a kitchen. All the comforts you need for a great <strong>camping vacation in Ass\u00e9rac<\/strong>.    <\/p><div class=\"lireplus fc-desk\"><p    >Read more<\/p><div class=\"group\"><p    >The XXL Evasion Premium mobile home offers over 35 m\u00b2 of space, with a kitchen opening onto the terrace. There&#8217;s also a large living room with sofa. Looking for something different? Chalets are available for rental, ideal for 2 people. The 20 m\u00b2 chalet has everything you need for a great vacation near Gu\u00e9rande.    <\/p><\/div><\/div><\/div><div class=\"columns__item media fade-left\" style=\"align-self:center;\"><div class=\"gallery f-carousel fc-diapo\" data-fancybox=\"gallery\"><figure class=\"gallery__item\"><picture><source srcset=\"https:\/\/www.pont-mahe.com\/wp-content\/uploads\/2026\/02\/loggia-420x281.webp\" media=\"(max-width: 210px)\"><source srcset=\"https:\/\/www.pont-mahe.com\/wp-content\/uploads\/2026\/02\/loggia-850x568.webp\" media=\"(max-width: 420px)\"><source srcset=\"https:\/\/www.pont-mahe.com\/wp-content\/uploads\/2026\/02\/loggia-768x513.webp\" media=\"(max-width: 850px)\"><source srcset=\"https:\/\/www.pont-mahe.com\/wp-content\/uploads\/2026\/02\/loggia.webp\" media=\"(max-width: 1024px)\"><source srcset=\"https:\/\/www.pont-mahe.com\/wp-content\/uploads\/2026\/02\/loggia.webp\" media=\"(min-width: 1025px)\"><img decoding=\"async\" src=\"https:\/\/www.pont-mahe.com\/wp-content\/uploads\/2026\/02\/loggia-420x281.webp\" width=\"420\" height=\"210\" loading=\"lazy\" alt=\"\" title=\"\"><\/picture><\/figure><figure class=\"gallery__item\"><picture><source srcset=\"https:\/\/www.pont-mahe.com\/wp-content\/uploads\/2026\/02\/eco-420x210.webp\" media=\"(max-width: 210px)\"><source srcset=\"https:\/\/www.pont-mahe.com\/wp-content\/uploads\/2026\/02\/eco-850x425.webp\" media=\"(max-width: 420px)\"><source srcset=\"https:\/\/www.pont-mahe.com\/wp-content\/uploads\/2026\/02\/eco-768x384.webp\" media=\"(max-width: 850px)\"><source srcset=\"https:\/\/www.pont-mahe.com\/wp-content\/uploads\/2026\/02\/eco.webp\" media=\"(max-width: 1024px)\"><source srcset=\"https:\/\/www.pont-mahe.com\/wp-content\/uploads\/2026\/02\/eco.webp\" media=\"(min-width: 1025px)\"><img decoding=\"async\" src=\"https:\/\/www.pont-mahe.com\/wp-content\/uploads\/2026\/02\/eco-420x210.webp\" width=\"420\" height=\"210\" loading=\"lazy\" alt=\"\" title=\"\"><\/picture><\/figure><figure class=\"gallery__item\"><picture><source srcset=\"https:\/\/www.pont-mahe.com\/wp-content\/uploads\/2026\/02\/cordelia-420x280.webp\" media=\"(max-width: 210px)\"><source srcset=\"https:\/\/www.pont-mahe.com\/wp-content\/uploads\/2026\/02\/cordelia-850x566.webp\" media=\"(max-width: 420px)\"><source srcset=\"https:\/\/www.pont-mahe.com\/wp-content\/uploads\/2026\/02\/cordelia-768x512.webp\" media=\"(max-width: 850px)\"><source srcset=\"https:\/\/www.pont-mahe.com\/wp-content\/uploads\/2026\/02\/cordelia.webp\" media=\"(max-width: 1024px)\"><source srcset=\"https:\/\/www.pont-mahe.com\/wp-content\/uploads\/2026\/02\/cordelia.webp\" media=\"(min-width: 1025px)\"><img decoding=\"async\" src=\"https:\/\/www.pont-mahe.com\/wp-content\/uploads\/2026\/02\/cordelia-420x280.webp\" width=\"420\" height=\"210\" loading=\"lazy\" alt=\"\" title=\"\"><\/picture><\/figure><\/div><\/div><\/div>\n\n<div class=\"columns reverse-mob\" style=\"align-items:center;\"><div class=\"columns__item media fade-left\" style=\"align-self:center;\"><div class=\"gallery f-carousel fc-diapo\" data-fancybox=\"gallery\"><figure class=\"gallery__item\"><picture><source srcset=\"https:\/\/www.pont-mahe.com\/wp-content\/uploads\/2026\/02\/AdobeStock_148096490-14-1-420x308.webp\" media=\"(max-width: 210px)\"><source srcset=\"https:\/\/www.pont-mahe.com\/wp-content\/uploads\/2026\/02\/AdobeStock_148096490-14-1-850x624.webp\" media=\"(max-width: 420px)\"><source srcset=\"https:\/\/www.pont-mahe.com\/wp-content\/uploads\/2026\/02\/AdobeStock_148096490-14-1-768x564.webp\" media=\"(max-width: 850px)\"><source srcset=\"https:\/\/www.pont-mahe.com\/wp-content\/uploads\/2026\/02\/AdobeStock_148096490-14-1.webp\" media=\"(max-width: 1024px)\"><source srcset=\"https:\/\/www.pont-mahe.com\/wp-content\/uploads\/2026\/02\/AdobeStock_148096490-14-1.webp\" media=\"(min-width: 1025px)\"><img decoding=\"async\" src=\"https:\/\/www.pont-mahe.com\/wp-content\/uploads\/2026\/02\/AdobeStock_148096490-14-1-420x308.webp\" width=\"420\" height=\"210\" loading=\"lazy\" alt=\"\" title=\"\"><\/picture><\/figure><figure class=\"gallery__item\"><picture><source srcset=\"https:\/\/www.pont-mahe.com\/wp-content\/uploads\/2026\/02\/bar-snack-2000x800-1-420x168.webp\" media=\"(max-width: 210px)\"><source srcset=\"https:\/\/www.pont-mahe.com\/wp-content\/uploads\/2026\/02\/bar-snack-2000x800-1-850x340.webp\" media=\"(max-width: 420px)\"><source srcset=\"https:\/\/www.pont-mahe.com\/wp-content\/uploads\/2026\/02\/bar-snack-2000x800-1-768x307.webp\" media=\"(max-width: 850px)\"><source srcset=\"https:\/\/www.pont-mahe.com\/wp-content\/uploads\/2026\/02\/bar-snack-2000x800-1.webp\" media=\"(max-width: 1024px)\"><source srcset=\"https:\/\/www.pont-mahe.com\/wp-content\/uploads\/2026\/02\/bar-snack-2000x800-1.webp\" media=\"(min-width: 1025px)\"><img decoding=\"async\" src=\"https:\/\/www.pont-mahe.com\/wp-content\/uploads\/2026\/02\/bar-snack-2000x800-1-420x168.webp\" width=\"420\" height=\"210\" loading=\"lazy\" alt=\"\" title=\"\"><\/picture><\/figure><figure class=\"gallery__item\"><picture><source srcset=\"https:\/\/www.pont-mahe.com\/wp-content\/uploads\/2026\/02\/img_3777-1024x682-1-420x280.webp\" media=\"(max-width: 210px)\"><source srcset=\"https:\/\/www.pont-mahe.com\/wp-content\/uploads\/2026\/02\/img_3777-1024x682-1-850x566.webp\" media=\"(max-width: 420px)\"><source srcset=\"https:\/\/www.pont-mahe.com\/wp-content\/uploads\/2026\/02\/img_3777-1024x682-1-768x512.webp\" media=\"(max-width: 850px)\"><source srcset=\"https:\/\/www.pont-mahe.com\/wp-content\/uploads\/2026\/02\/img_3777-1024x682-1.webp\" media=\"(max-width: 1024px)\"><source srcset=\"https:\/\/www.pont-mahe.com\/wp-content\/uploads\/2026\/02\/img_3777-1024x682-1.webp\" media=\"(min-width: 1025px)\"><img decoding=\"async\" src=\"https:\/\/www.pont-mahe.com\/wp-content\/uploads\/2026\/02\/img_3777-1024x682-1-420x280.webp\" width=\"420\" height=\"210\" loading=\"lazy\" alt=\"\" title=\"\"><\/picture><\/figure><\/div><\/div><div class=\"columns__item texte fade-right\" style=\"align-self:center;\"><h2 class=\"span-h2 right span-vert-clair\" style=\"color: var(--vert);\">4-star accommodation near P\u00e9nestin <span class=\"fc-span\">in a mobile home in Loire-Atlantique<\/span><\/h2><p    ><strong> Camping du Pont Mah\u00e9 in Loire-Atlantique<\/strong> offers a full range of services. These are perfect for ensuring a comfortable and enjoyable stay for visitors. Our well-stocked <strong>grocery store<\/strong> means holidaymakers can find everything they need. They can prepare their meals without leaving the campsite.     <\/p><div class=\"lireplus fc-desk\"><p    >Read more<\/p><div class=\"group\"><p    >The <strong>snack bar<\/strong> is the ideal place to enjoy fast, delicious food. Open all day long, whether for a light lunch or a casual dinner. For those wishing to enjoy meals al fresco, we offer barbecues for hire, perfect for convivial evenings with family and friends.    <\/p><div class=\"lireplus fc-mob\"><p    >Read more<\/p><div class=\"group\"><p    >Our <strong>4-star campsite in Loire-Atlantique<\/strong> also has a heated swimming pool. It offers relaxation and fun for all ages. Deckchairs and parasols around the pool let you relax after a refreshing dip.  <\/p><p    >Right on the doorstep of your<strong> mobile home in Loire-Atlantique<\/strong>, Camping du Pont Mah\u00e9 offers a variety of entertainment and activities for all ages. These include themed evenings, children&#8217;s clubs and local excursions. Our reception team is always ready to help and provide information on the best activities and attractions in the area.  <\/p><\/div><\/div><\/div><\/div><\/div><\/div>","protected":false},"excerpt":{"rendered":"<p>Mobile home rental in Loire-Atlantique A wide choice of mobile homes at our Pont Mah\u00e9 campsite! Book your mobile home rental in Ass\u00e9rac on the seafront, just a few minutes from Gu\u00e9rande, just 250 metres from the beach and enjoy a pleasant vacation near Gu\u00e9rande in Loire-Atlantique! Canvas bungalows for rent in Loire-Atlantique Discover Domaine [&hellip;]<\/p>\n","protected":false},"author":1,"featured_media":0,"parent":0,"menu_order":0,"comment_status":"open","ping_status":"open","template":"","meta":{"_acf_changed":false,"footnotes":""},"acf":[],"_links":{"self":[{"href":"https:\/\/www.pont-mahe.com\/en\/wp-json\/wp\/v2\/pages\/1052"}],"collection":[{"href":"https:\/\/www.pont-mahe.com\/en\/wp-json\/wp\/v2\/pages"}],"about":[{"href":"https:\/\/www.pont-mahe.com\/en\/wp-json\/wp\/v2\/types\/page"}],"author":[{"embeddable":true,"href":"https:\/\/www.pont-mahe.com\/en\/wp-json\/wp\/v2\/users\/1"}],"replies":[{"embeddable":true,"href":"https:\/\/www.pont-mahe.com\/en\/wp-json\/wp\/v2\/comments?post=1052"}],"version-history":[{"count":3,"href":"https:\/\/www.pont-mahe.com\/en\/wp-json\/wp\/v2\/pages\/1052\/revisions"}],"predecessor-version":[{"id":1156,"href":"https:\/\/www.pont-mahe.com\/en\/wp-json\/wp\/v2\/pages\/1052\/revisions\/1156"}],"wp:attachment":[{"href":"https:\/\/www.pont-mahe.com\/en\/wp-json\/wp\/v2\/media?parent=1052"}],"curies":[{"name":"wp","href":"https:\/\/api.w.org\/{rel}","templated":true}]}}