{"id":1046,"date":"2026-02-12T11:33:02","date_gmt":"2026-02-12T10:33:02","guid":{"rendered":"https:\/\/www.pont-mahe.com\/camping-st-andre-des-eaux\/"},"modified":"2026-03-12T09:45:33","modified_gmt":"2026-03-12T08:45:33","slug":"camping-st-andre-des-eaux","status":"publish","type":"page","link":"https:\/\/www.pont-mahe.com\/en\/camping-st-andre-des-eaux\/","title":{"rendered":"Camping St Andr\u00e9 des Eaux"},"content":{"rendered":"<div class=\"diaporama-header align-full\"><div class=\"gallery\"><figure class=\"gallery__item\"><picture><source srcset=\"https:\/\/www.pont-mahe.com\/wp-content\/uploads\/2026\/02\/saint-andre-420x280.webp\" media=\"(max-width: 210px)\"><source srcset=\"https:\/\/www.pont-mahe.com\/wp-content\/uploads\/2026\/02\/saint-andre-850x566.webp\" media=\"(max-width: 420px)\"><source srcset=\"https:\/\/www.pont-mahe.com\/wp-content\/uploads\/2026\/02\/saint-andre-768x512.webp\" media=\"(max-width: 850px)\"><source srcset=\"https:\/\/www.pont-mahe.com\/wp-content\/uploads\/2026\/02\/saint-andre-1024x682.webp\" media=\"(max-width: 1024px)\"><source srcset=\"https:\/\/www.pont-mahe.com\/wp-content\/uploads\/2026\/02\/saint-andre.webp\" media=\"(min-width: 1025px)\"><img loading=\"lazy\" decoding=\"async\" src=\"https:\/\/www.pont-mahe.com\/wp-content\/uploads\/2026\/02\/saint-andre-420x280.webp\" width=\"420\" height=\"210\" alt=\"\" title=\"\"><\/picture><\/figure><\/div><div class=\"diaporama-header__inner\"><\/div><\/div><div class=\"group sec-15\"><h1 class=\"span-h2 span-vert-clair\" style=\"text-align: center;color: var(--vert);\">Discover Saint-Andr\u00e9-des-Eaux <span class=\"fc-span\">near Pont Mah\u00e9 campsite<\/span><\/h1><p class=\"center\" style=\"text-align: center;\"  >Located in the Loire-Atlantique region, Saint-Andr\u00e9-des-Eaux is a popular destination for its exceptional natural setting and proximity to the Atlantic coastline. Nestled between the Bri\u00e8re regional park and the beaches of the Gu\u00e9rande peninsula, this charming commune is ideal for a relaxing break. <\/p><div class=\"lireplus fc-desk\"><p class=\"center center\" style=\"text-align: center;\"  >Read more<\/p><div class=\"group\"><p class=\"center\" style=\"text-align: center;\"  >The Pont Mah\u00e9 campsite in Ass\u00e9rac is just a few kilometers from Saint-Andr\u00e9-des-Eaux, offering a strategic location for exploring the region. The region is ideal for hikers, cultural explorers and beach lovers. The town of Saint-Andr\u00e9-des-Eaux offers a wide range of activities for holidaymakers to discover.  <\/p><\/div><\/div><div class=\"buttons display-flex \" style=\"justify-content:center;\"><span class=\"buttons__btn btn-resa\" style=\"color:var(--orange-clair);\">I reserve<\/span><\/div><\/div><div class=\"columns has-bleu-fonce-bg-color has-bg align-full\" style=\"align-items:center;background-color:var(--bleu-fonce);\"><div class=\"columns__item texte fade-left\" style=\"align-self:center;\"><h2 class=\"span-h2 left\">Tourism in <span class=\"fc-span\">Saint-Andr\u00e9-des-Eaux<\/span><\/h2><p    >Saint-Andr\u00e9-des-Eaux is ideally located between the Bay of La Baule and the south-western Bri\u00e8re Regional Nature Park. The town owes its name to its geographical location, bordered by the Atlantic Ocean and the marshes. <\/p><\/div><div class=\"columns__item media fade-right\" style=\"align-self:center;\"><div class=\"gallery\"><figure class=\"gallery__item\"><picture><source srcset=\"https:\/\/www.pont-mahe.com\/wp-content\/uploads\/2026\/02\/AdobeStock_148096490-3-1-420x420.webp\" media=\"(max-width: 210px)\"><source srcset=\"https:\/\/www.pont-mahe.com\/wp-content\/uploads\/2026\/02\/AdobeStock_148096490-3-1-848x850.webp\" media=\"(max-width: 420px)\"><source srcset=\"https:\/\/www.pont-mahe.com\/wp-content\/uploads\/2026\/02\/AdobeStock_148096490-3-1-768x770.webp\" media=\"(max-width: 850px)\"><source srcset=\"https:\/\/www.pont-mahe.com\/wp-content\/uploads\/2026\/02\/AdobeStock_148096490-3-1.webp\" media=\"(max-width: 1024px)\"><source srcset=\"https:\/\/www.pont-mahe.com\/wp-content\/uploads\/2026\/02\/AdobeStock_148096490-3-1.webp\" media=\"(min-width: 1025px)\"><img decoding=\"async\" src=\"https:\/\/www.pont-mahe.com\/wp-content\/uploads\/2026\/02\/AdobeStock_148096490-3-1-420x420.webp\" width=\"420\" height=\"210\" loading=\"lazy\" alt=\"\" title=\"\"><\/picture><\/figure><\/div><\/div><\/div><div class=\"group sec-15\"><h3 class=\"h2 span-h2 span-marron-clair\" style=\"text-align: center;color: var(--marron);\">What to do in <span class=\"fc-span\">Saint-Andr\u00e9-des-Eaux<\/span><\/h3><p class=\"center\" style=\"text-align: center;\"  >During their stay, holidaymakers can choose the activity that best suits their needs:<\/p><p class=\"center\" style=\"text-align: center;\"  ><strong>Explore the Bri\u00e8re regional nature park<\/strong>: an unspoilt area where you can sail in a traditional boat and observe exceptional flora and fauna.<br\/><strong>Discover the local heritage<\/strong>: hiking trails take you through marshes, typical villages and historic thatched cottages.<br\/><strong>Water activities<\/strong>: kayaking, stand-up paddling and boat trips are just some of the ways you can discover the region from a different angle.<br\/><strong>Taste local specialities<\/strong>: local produce, especially seafood, is one of the culinary experiences not to be missed.<\/p><\/div><div class=\"columns sec-10 reverse-mob\"><div class=\"columns__item media fade-right\"><div class=\"gallery\"><figure class=\"gallery__item\"><picture><source srcset=\"https:\/\/www.pont-mahe.com\/wp-content\/uploads\/2026\/02\/emplacement-caravane-420x168.webp\" media=\"(max-width: 210px)\"><source srcset=\"https:\/\/www.pont-mahe.com\/wp-content\/uploads\/2026\/02\/emplacement-caravane-850x340.webp\" media=\"(max-width: 420px)\"><source srcset=\"https:\/\/www.pont-mahe.com\/wp-content\/uploads\/2026\/02\/emplacement-caravane-768x307.webp\" media=\"(max-width: 850px)\"><source srcset=\"https:\/\/www.pont-mahe.com\/wp-content\/uploads\/2026\/02\/emplacement-caravane.webp\" media=\"(max-width: 1024px)\"><source srcset=\"https:\/\/www.pont-mahe.com\/wp-content\/uploads\/2026\/02\/emplacement-caravane.webp\" media=\"(min-width: 1025px)\"><img decoding=\"async\" src=\"https:\/\/www.pont-mahe.com\/wp-content\/uploads\/2026\/02\/emplacement-caravane-420x168.webp\" width=\"420\" height=\"210\" loading=\"lazy\" alt=\"\" title=\"\"><\/picture><\/figure><\/div><\/div><div class=\"columns__item texte fade-left\" style=\"align-self:center;\"><h3 class=\"h2 span-h2 right span-vert-clair\" style=\"color: var(--vert);\">Events<span class=\"fc-span\"> in Saint-Andr\u00e9-des-Eaux<\/span><\/h3><p    >Throughout the year, Saint-Andr\u00e9-des-Eaux organizes a variety of events and festivities to liven up the town and surrounding area:<\/p><ul><li>Festival de la Bri\u00e8re: a not-to-be-missed opportunity to discover local traditions and crafts;\n<\/li><li><a href=\"https:\/\/www.labaule-guerande.com\/deguster\/marches\/\" data-type=\"link\" data-id=\"https:\/\/www.labaule-guerande.com\/deguster\/marches\/\" rel=\"noopener\">Craft and gourmet markets<\/a>: perfect for sampling regional products and meeting local producers;\n<\/li><li>Nautical festivals: organized in summer, these events offer entertainment on the water and in the open air.\n<\/li><\/ul><\/div><\/div><div class=\"columns\" style=\"align-items:center;\"><div class=\"columns__item texte fade-right\" style=\"align-self:center;\"><h2 class=\"span-h2 left span-marron-clair\" style=\"color: var(--marron);\">Stay at our <span class=\"fc-span\">campsite near Saint-Andr\u00e9-des-Eaux<\/span><\/h2><p   id=\"251\" >The Pont Mah\u00e9 campsite, located in Ass\u00e9rac, is the ideal place for a holiday combining relaxation and discovery near Saint-Andr\u00e9 des Eaux. The campsite is set in a soothing natural environment, perfect for nature-lovers. Whatever your choice of accommodation, the campsite offers <a href=\"https:\/\/www.pont-mahe.com\/en\/rentals\/\" data-type=\"page\" data-id=\"251\">a<\/a> varied range to suit all needs. You&#8217;ll find mobile homes and spacious pitches for tents and caravans for traditional camping enthusiasts, as well as chalets and bungalows for a cosier stay.   <\/p><\/div><div class=\"columns__item media fade-left\" style=\"align-self:center;\"><div class=\"gallery\"><figure class=\"gallery__item\"><picture><source srcset=\"https:\/\/www.pont-mahe.com\/wp-content\/uploads\/2026\/02\/AdobeStock_148096490-12-1-420x420.webp\" media=\"(max-width: 210px)\"><source srcset=\"https:\/\/www.pont-mahe.com\/wp-content\/uploads\/2026\/02\/AdobeStock_148096490-12-1-848x850.webp\" media=\"(max-width: 420px)\"><source srcset=\"https:\/\/www.pont-mahe.com\/wp-content\/uploads\/2026\/02\/AdobeStock_148096490-12-1-768x770.webp\" media=\"(max-width: 850px)\"><source srcset=\"https:\/\/www.pont-mahe.com\/wp-content\/uploads\/2026\/02\/AdobeStock_148096490-12-1.webp\" media=\"(max-width: 1024px)\"><source srcset=\"https:\/\/www.pont-mahe.com\/wp-content\/uploads\/2026\/02\/AdobeStock_148096490-12-1.webp\" media=\"(min-width: 1025px)\"><img decoding=\"async\" src=\"https:\/\/www.pont-mahe.com\/wp-content\/uploads\/2026\/02\/AdobeStock_148096490-12-1-420x420.webp\" width=\"420\" height=\"210\" loading=\"lazy\" alt=\"\" title=\"\"><\/picture><\/figure><\/div><\/div><\/div><div class=\"group sec-15\"><h3 class=\"h2 span-h2 span-vert-clair\" style=\"text-align: center;color: var(--vert);\">Rent a mobile home close to <span class=\"fc-span\">Saint-Andr\u00e9-des-Eaux<\/span><\/h3><p class=\"center\" style=\"text-align: center;\"  >Visitors to the Pont Mah\u00e9 campsite can choose from a range of modern, fully-equipped mobile homes. They&#8217;re perfect for vacations with the family, as a couple or with friends. <\/p><div class=\"lireplus fc-desk\"><p class=\"center center\" style=\"text-align: center;\"  >Read more<\/p><div class=\"group\"><h3 class=\"h4\" style=\"text-align: center;color: var(--bleu-fonce);\">Relax in the campsite swimming pool<\/h3><p class=\"center\" style=\"text-align: center;\" id=\"252\" >In addition to the various accommodation options, the Pont Mah\u00e9 campsite is equipped with a <a href=\"https:\/\/www.pont-mahe.com\/en\/swimming-pool\/\" data-type=\"page\" data-id=\"252\"><strong>heated swimming pool<\/strong><\/a>. It&#8217;s a great place to cool off after a day out. For the little ones, there&#8217;s a small paddling pool. The campsite also offers a range of services (snack bar, grocery store, playground, etc.). Saint-Andr\u00e9-des-Eaux is a destination that will delight tourists in search of serenity and discovery. From walks in the Bri\u00e8re park to water sports and traditional festivals, Saint-Andr\u00e9-des-Eaux has something for everyone. A vacation at the Pont Mah\u00e9 campsite in Ass\u00e9rac is above all a pleasant stay. Take advantage of privileged access to this region brimming with natural landscapes.       <\/p><\/div><\/div><\/div>","protected":false},"excerpt":{"rendered":"<p>Discover Saint-Andr\u00e9-des-Eaux near Pont Mah\u00e9 campsite Located in the Loire-Atlantique region, Saint-Andr\u00e9-des-Eaux is a popular destination for its exceptional natural setting and proximity to the Atlantic coastline. Nestled between the Bri\u00e8re regional park and the beaches of the Gu\u00e9rande peninsula, this charming commune is ideal for a relaxing break. Tourism in Saint-Andr\u00e9-des-Eaux Saint-Andr\u00e9-des-Eaux is ideally [&hellip;]<\/p>\n","protected":false},"author":1,"featured_media":0,"parent":0,"menu_order":0,"comment_status":"open","ping_status":"open","template":"","meta":{"_acf_changed":false,"footnotes":""},"acf":[],"_links":{"self":[{"href":"https:\/\/www.pont-mahe.com\/en\/wp-json\/wp\/v2\/pages\/1046"}],"collection":[{"href":"https:\/\/www.pont-mahe.com\/en\/wp-json\/wp\/v2\/pages"}],"about":[{"href":"https:\/\/www.pont-mahe.com\/en\/wp-json\/wp\/v2\/types\/page"}],"author":[{"embeddable":true,"href":"https:\/\/www.pont-mahe.com\/en\/wp-json\/wp\/v2\/users\/1"}],"replies":[{"embeddable":true,"href":"https:\/\/www.pont-mahe.com\/en\/wp-json\/wp\/v2\/comments?post=1046"}],"version-history":[{"count":1,"href":"https:\/\/www.pont-mahe.com\/en\/wp-json\/wp\/v2\/pages\/1046\/revisions"}],"predecessor-version":[{"id":1047,"href":"https:\/\/www.pont-mahe.com\/en\/wp-json\/wp\/v2\/pages\/1046\/revisions\/1047"}],"wp:attachment":[{"href":"https:\/\/www.pont-mahe.com\/en\/wp-json\/wp\/v2\/media?parent=1046"}],"curies":[{"name":"wp","href":"https:\/\/api.w.org\/{rel}","templated":true}]}}