{"id":1042,"date":"2026-02-12T11:33:02","date_gmt":"2026-02-12T10:33:02","guid":{"rendered":"https:\/\/www.pont-mahe.com\/locations\/"},"modified":"2026-03-13T15:10:53","modified_gmt":"2026-03-13T14:10:53","slug":"locations","status":"publish","type":"page","link":"https:\/\/www.pont-mahe.com\/en\/locations\/","title":{"rendered":"Locations"},"content":{"rendered":"<div class=\"diaporama-header align-full\"><div class=\"gallery\"><figure class=\"gallery__item\"><picture><source srcset=\"https:\/\/www.pont-mahe.com\/wp-content\/uploads\/2026\/02\/header-emplacement-420x168.webp\" media=\"(max-width: 210px)\"><source srcset=\"https:\/\/www.pont-mahe.com\/wp-content\/uploads\/2026\/02\/header-emplacement-850x340.webp\" media=\"(max-width: 420px)\"><source srcset=\"https:\/\/www.pont-mahe.com\/wp-content\/uploads\/2026\/02\/header-emplacement-768x307.webp\" media=\"(max-width: 850px)\"><source srcset=\"https:\/\/www.pont-mahe.com\/wp-content\/uploads\/2026\/02\/header-emplacement-1024x410.webp\" media=\"(max-width: 1024px)\"><source srcset=\"https:\/\/www.pont-mahe.com\/wp-content\/uploads\/2026\/02\/header-emplacement.webp\" media=\"(min-width: 1025px)\"><img loading=\"lazy\" decoding=\"async\" src=\"https:\/\/www.pont-mahe.com\/wp-content\/uploads\/2026\/02\/header-emplacement-420x168.webp\" width=\"420\" height=\"210\" alt=\"\" title=\"\"><\/picture><\/figure><\/div><div class=\"diaporama-header__inner\"><\/div><\/div>\n\n<div class=\"columns reverse-mob\"><div class=\"columns__item media map fade-left\"><div class=\"gallery\"><figure class=\"gallery__item\"><picture><source srcset=\"https:\/\/www.pont-mahe.com\/wp-content\/uploads\/2026\/02\/tente-420x280.webp\" media=\"(max-width: 210px)\"><source srcset=\"https:\/\/www.pont-mahe.com\/wp-content\/uploads\/2026\/02\/tente-850x566.webp\" media=\"(max-width: 420px)\"><source srcset=\"https:\/\/www.pont-mahe.com\/wp-content\/uploads\/2026\/02\/tente-768x512.webp\" media=\"(max-width: 850px)\"><source srcset=\"https:\/\/www.pont-mahe.com\/wp-content\/uploads\/2026\/02\/tente.webp\" media=\"(max-width: 1024px)\"><source srcset=\"https:\/\/www.pont-mahe.com\/wp-content\/uploads\/2026\/02\/tente.webp\" media=\"(min-width: 1025px)\"><img decoding=\"async\" src=\"https:\/\/www.pont-mahe.com\/wp-content\/uploads\/2026\/02\/tente-420x280.webp\" width=\"420\" height=\"210\" loading=\"lazy\" alt=\"\" title=\"\"><\/picture><\/figure><\/div><\/div><div class=\"columns__item texte fade-right\" style=\"align-self:center;\"><h1 class=\"span-h2 right span-marron-clair\" style=\"color: var(--marron);\">Campsites Ass\u00e9rac <span class=\"fc-span\">near Gu\u00e9rande in Loire-Atlantique<\/span><\/h1><h2 class=\"p\" style=\"color: var(--bleu-fonce);\">Your pitch for tent, caravan or camper in Ass\u00e9rac (44), 250 metres from Pont-Mah\u00e9 beach!<\/h2><p   id=\"241\" >Are you looking for a <a href=\"https:\/\/www.pont-mahe.com\/en\/\" data-type=\"page\" data-id=\"241\" target=\"_blank\" rel=\"noreferrer noopener\">camping pitch near Gu\u00e9rande<\/a> for your next vacation?<\/p><div class=\"lireplus fc-mob\"><p    >Read more<\/p><div class=\"group\"><p    >Whether you&#8217;re a fan of <strong>camping<\/strong> in a tent, motorhome or caravan, the <strong>Pont Mah\u00e9 campsite in Ass\u00e9rac<\/strong> welcomes you to a natural, relaxing setting for your seaside vacation or a sunny weekend in southern Brittany and the Loire-Atlantique region.<\/p><\/div><\/div><div class=\"buttons display-flex \" style=\"justify-content:right;\"><span class=\"buttons__btn btn-resa-empl\" style=\"text-align:center;\">Booking<\/span><\/div><\/div><\/div>\n\n<div class=\"columns sec-10\" style=\"align-items:center;\"><div class=\"columns__item texte fade-right\" style=\"align-self:center;\"><h3 class=\"h2 span-h2 left span-vert-clair\" style=\"color: var(--vert);\">A family-run, very &#8220;natural&#8221; campsite, with spacious, <span class=\"fc-span\">sunny or semi-shaded pitches!<\/span><\/h3><p    >The Domaine de Pont-Mah\u00e9 campsite is set in a flower-filled park surrounded by pines and oaks, with <strong>pitches<\/strong> ranging from 80m\u00b2 to 100m\u00b2 on <strong>grassy ground and hedge boundaries<\/strong>.<\/p><div class=\"lireplus fc-desk\"><p    >Read more<\/p><div class=\"group\"><p    >Each of our 56 pitches guarantees you peace and quiet, even in high season! If you&#8217;re a regular customer, when you make your <strong>reservation<\/strong>, don&#8217;t hesitate to ask us <strong>for the pitch of your choice<\/strong> <strong>in Loire-Atlantique <\/strong>(we&#8217;ll be happy to offer it to you, subject to availability). <\/p><\/div><\/div><\/div><div class=\"columns__item media fade-left\" style=\"align-self:center;\"><div class=\"gallery\"><figure class=\"gallery__item\"><picture><source srcset=\"https:\/\/www.pont-mahe.com\/wp-content\/uploads\/2026\/02\/caravane-420x210.webp\" media=\"(max-width: 210px)\"><source srcset=\"https:\/\/www.pont-mahe.com\/wp-content\/uploads\/2026\/02\/caravane-850x425.webp\" media=\"(max-width: 420px)\"><source srcset=\"https:\/\/www.pont-mahe.com\/wp-content\/uploads\/2026\/02\/caravane-768x384.webp\" media=\"(max-width: 850px)\"><source srcset=\"https:\/\/www.pont-mahe.com\/wp-content\/uploads\/2026\/02\/caravane.webp\" media=\"(max-width: 1024px)\"><source srcset=\"https:\/\/www.pont-mahe.com\/wp-content\/uploads\/2026\/02\/caravane.webp\" media=\"(min-width: 1025px)\"><img decoding=\"async\" src=\"https:\/\/www.pont-mahe.com\/wp-content\/uploads\/2026\/02\/caravane-420x210.webp\" width=\"420\" height=\"210\" loading=\"lazy\" alt=\"\" title=\"\"><\/picture><\/figure><\/div><\/div><\/div>\n\n<div class=\"columns reverse-mob has-bleu-fonce-bg-color has-bg align-full\" style=\"align-items:center;background-color:var(--bleu-fonce);\"><div class=\"columns__item media fade-right\" style=\"align-self:center;\"><div class=\"gallery\"><figure class=\"gallery__item\"><picture><source srcset=\"https:\/\/www.pont-mahe.com\/wp-content\/uploads\/2026\/02\/empl-tente-420x210.webp\" media=\"(max-width: 210px)\"><source srcset=\"https:\/\/www.pont-mahe.com\/wp-content\/uploads\/2026\/02\/empl-tente-850x425.webp\" media=\"(max-width: 420px)\"><source srcset=\"https:\/\/www.pont-mahe.com\/wp-content\/uploads\/2026\/02\/empl-tente-768x384.webp\" media=\"(max-width: 850px)\"><source srcset=\"https:\/\/www.pont-mahe.com\/wp-content\/uploads\/2026\/02\/empl-tente.webp\" media=\"(max-width: 1024px)\"><source srcset=\"https:\/\/www.pont-mahe.com\/wp-content\/uploads\/2026\/02\/empl-tente.webp\" media=\"(min-width: 1025px)\"><img decoding=\"async\" src=\"https:\/\/www.pont-mahe.com\/wp-content\/uploads\/2026\/02\/empl-tente-420x210.webp\" width=\"420\" height=\"210\" loading=\"lazy\" alt=\"\" title=\"\"><\/picture><\/figure><\/div><\/div><div class=\"columns__item texte fade-left\" style=\"align-self:center;\"><h3 class=\"h2 span-h2 right\">Your camping vacation <span class=\"fc-span\">near Gu\u00e9rande<\/span><\/h3><p    >Campers can take advantage of the many services and facilities on offer: <strong>10A electrical connection<\/strong> (minimum 25m extension cord, CEE 17 European plug), communal barbecues, wifi zone, play areas, entertainment, swimming pool, grocery store, laundry, snack bar.<\/p><div class=\"lireplus fc-desk\"><p    >Read more<\/p><div class=\"group\"><p    >Pets on a leash are allowed on our <strong>campsite near Gu\u00e9rande<\/strong>. On certain pitches it is possible to add a single small tent (optional and extra charge). For any additional vehicle (car, trailer, quad, motorcycle), an additional nightly rate will be applied.  <\/p><\/div><\/div><\/div><\/div>\n\n<div class=\"columns sec-10\" style=\"align-items:center;\"><div class=\"columns__item texte fade-right\" style=\"align-self:center;\"><h3 class=\"h2 span-h2 left span-marron-clair\" style=\"color: var(--marron);\">Comfortable sanitary facilities <span class=\"fc-span\">at the Pont Mah\u00e9 campsite<\/span><\/h3><ul><li>Shower cabins (free hot water) ;\n<\/li><li>Showers and toilets for people with reduced mobility ;\n<\/li><li>Washbasins ;\n<\/li><li>3 laundry bins ;\n<\/li><li>6 dishwashing sinks ;\n<\/li><li>For families with babies: baby bath, changing table;\n<\/li><li>Laundry area at reception: washing machine and dryer (tokens available at reception), ironing board.\n<\/li><\/ul><\/div><div class=\"columns__item media fade-left\" style=\"align-self:center;\"><div class=\"gallery f-carousel fc-diapo\" data-fancybox=\"gallery\"><figure class=\"gallery__item\"><picture><source srcset=\"https:\/\/www.pont-mahe.com\/wp-content\/uploads\/2026\/02\/img_3777-1024x682-1-420x280.webp\" media=\"(max-width: 210px)\"><source srcset=\"https:\/\/www.pont-mahe.com\/wp-content\/uploads\/2026\/02\/img_3777-1024x682-1-850x566.webp\" media=\"(max-width: 420px)\"><source srcset=\"https:\/\/www.pont-mahe.com\/wp-content\/uploads\/2026\/02\/img_3777-1024x682-1-768x512.webp\" media=\"(max-width: 850px)\"><source srcset=\"https:\/\/www.pont-mahe.com\/wp-content\/uploads\/2026\/02\/img_3777-1024x682-1.webp\" media=\"(max-width: 1024px)\"><source srcset=\"https:\/\/www.pont-mahe.com\/wp-content\/uploads\/2026\/02\/img_3777-1024x682-1.webp\" media=\"(min-width: 1025px)\"><img decoding=\"async\" src=\"https:\/\/www.pont-mahe.com\/wp-content\/uploads\/2026\/02\/img_3777-1024x682-1-420x280.webp\" width=\"420\" height=\"210\" loading=\"lazy\" alt=\"\" title=\"\"><\/picture><\/figure><figure class=\"gallery__item\"><picture><source srcset=\"https:\/\/www.pont-mahe.com\/wp-content\/uploads\/2026\/02\/sanitaire-420x280.webp\" media=\"(max-width: 210px)\"><source srcset=\"https:\/\/www.pont-mahe.com\/wp-content\/uploads\/2026\/02\/sanitaire-850x566.webp\" media=\"(max-width: 420px)\"><source srcset=\"https:\/\/www.pont-mahe.com\/wp-content\/uploads\/2026\/02\/sanitaire-768x512.webp\" media=\"(max-width: 850px)\"><source srcset=\"https:\/\/www.pont-mahe.com\/wp-content\/uploads\/2026\/02\/sanitaire.webp\" media=\"(max-width: 1024px)\"><source srcset=\"https:\/\/www.pont-mahe.com\/wp-content\/uploads\/2026\/02\/sanitaire.webp\" media=\"(min-width: 1025px)\"><img decoding=\"async\" src=\"https:\/\/www.pont-mahe.com\/wp-content\/uploads\/2026\/02\/sanitaire-420x280.webp\" width=\"420\" height=\"210\" loading=\"lazy\" alt=\"\" title=\"\"><\/picture><\/figure><\/div><\/div><\/div>\n\n<div class=\"columns reverse-mob\"><div class=\"columns__item media map fade-left\"><div class=\"gallery\"><figure class=\"gallery__item\"><picture><source srcset=\"https:\/\/www.pont-mahe.com\/wp-content\/uploads\/2026\/02\/emplacement-420x210.webp\" media=\"(max-width: 210px)\"><source srcset=\"https:\/\/www.pont-mahe.com\/wp-content\/uploads\/2026\/02\/emplacement-850x425.webp\" media=\"(max-width: 420px)\"><source srcset=\"https:\/\/www.pont-mahe.com\/wp-content\/uploads\/2026\/02\/emplacement-768x384.webp\" media=\"(max-width: 850px)\"><source srcset=\"https:\/\/www.pont-mahe.com\/wp-content\/uploads\/2026\/02\/emplacement.webp\" media=\"(max-width: 1024px)\"><source srcset=\"https:\/\/www.pont-mahe.com\/wp-content\/uploads\/2026\/02\/emplacement.webp\" media=\"(min-width: 1025px)\"><img decoding=\"async\" src=\"https:\/\/www.pont-mahe.com\/wp-content\/uploads\/2026\/02\/emplacement-420x210.webp\" width=\"420\" height=\"210\" loading=\"lazy\" alt=\"\" title=\"\"><\/picture><\/figure><\/div><\/div><div class=\"columns__item texte fade-right\" style=\"align-self:center;\"><h2 class=\"span-h2 right span-vert-clair\" style=\"color: var(--vert);\">Motorhome in <span class=\"fc-span\">Pont-Mah\u00e9 (Ass\u00e9rac)<\/span><\/h2><p    >If you love <strong>camping with your motorhome<\/strong>, we welcome you from April 4 to September 26, 2026, just a stone&#8217;s throw from the beach in Ass\u00e9rac! Spacious, hedged pitches. <\/p><div class=\"lireplus fc-mob\"><p    >Read more<\/p><div class=\"group\"><ul><li>Camper park, drainage and water supply ;\n<\/li><li>Electrical connection (suitable CEE 17 European plug) ;\n<\/li><li>Chemical toilet.\n<\/li><\/ul><\/div><\/div><\/div><\/div>","protected":false},"excerpt":{"rendered":"<p>Campsites Ass\u00e9rac near Gu\u00e9rande in Loire-Atlantique Your pitch for tent, caravan or camper in Ass\u00e9rac (44), 250 metres from Pont-Mah\u00e9 beach! Are you looking for a camping pitch near Gu\u00e9rande for your next vacation? A family-run, very &#8220;natural&#8221; campsite, with spacious, sunny or semi-shaded pitches! The Domaine de Pont-Mah\u00e9 campsite is set in a flower-filled [&hellip;]<\/p>\n","protected":false},"author":1,"featured_media":0,"parent":0,"menu_order":0,"comment_status":"open","ping_status":"open","template":"","meta":{"_acf_changed":false,"footnotes":""},"acf":[],"_links":{"self":[{"href":"https:\/\/www.pont-mahe.com\/en\/wp-json\/wp\/v2\/pages\/1042"}],"collection":[{"href":"https:\/\/www.pont-mahe.com\/en\/wp-json\/wp\/v2\/pages"}],"about":[{"href":"https:\/\/www.pont-mahe.com\/en\/wp-json\/wp\/v2\/types\/page"}],"author":[{"embeddable":true,"href":"https:\/\/www.pont-mahe.com\/en\/wp-json\/wp\/v2\/users\/1"}],"replies":[{"embeddable":true,"href":"https:\/\/www.pont-mahe.com\/en\/wp-json\/wp\/v2\/comments?post=1042"}],"version-history":[{"count":6,"href":"https:\/\/www.pont-mahe.com\/en\/wp-json\/wp\/v2\/pages\/1042\/revisions"}],"predecessor-version":[{"id":1151,"href":"https:\/\/www.pont-mahe.com\/en\/wp-json\/wp\/v2\/pages\/1042\/revisions\/1151"}],"wp:attachment":[{"href":"https:\/\/www.pont-mahe.com\/en\/wp-json\/wp\/v2\/media?parent=1042"}],"curies":[{"name":"wp","href":"https:\/\/api.w.org\/{rel}","templated":true}]}}