{"id":1039,"date":"2026-02-12T11:33:02","date_gmt":"2026-02-12T10:33:02","guid":{"rendered":"https:\/\/www.pont-mahe.com\/mobile-home-for-sale\/"},"modified":"2026-03-12T09:45:32","modified_gmt":"2026-03-12T08:45:32","slug":"mobile-home-for-sale","status":"publish","type":"page","link":"https:\/\/www.pont-mahe.com\/en\/mobile-home-for-sale\/","title":{"rendered":"Mobile home for sale"},"content":{"rendered":"<div class=\"diaporama-header align-full\"><div class=\"gallery\"><figure class=\"gallery__item\"><picture><source srcset=\"https:\/\/www.pont-mahe.com\/wp-content\/uploads\/2026\/02\/header-ventemh-420x168.webp\" media=\"(max-width: 210px)\"><source srcset=\"https:\/\/www.pont-mahe.com\/wp-content\/uploads\/2026\/02\/header-ventemh-850x340.webp\" media=\"(max-width: 420px)\"><source srcset=\"https:\/\/www.pont-mahe.com\/wp-content\/uploads\/2026\/02\/header-ventemh-768x307.webp\" media=\"(max-width: 850px)\"><source srcset=\"https:\/\/www.pont-mahe.com\/wp-content\/uploads\/2026\/02\/header-ventemh-1024x410.webp\" media=\"(max-width: 1024px)\"><source srcset=\"https:\/\/www.pont-mahe.com\/wp-content\/uploads\/2026\/02\/header-ventemh.webp\" media=\"(min-width: 1025px)\"><img loading=\"lazy\" decoding=\"async\" src=\"https:\/\/www.pont-mahe.com\/wp-content\/uploads\/2026\/02\/header-ventemh-420x168.webp\" width=\"420\" height=\"210\" alt=\"\" title=\"\"><\/picture><\/figure><\/div><div class=\"diaporama-header__inner\"><\/div><\/div><div class=\"group\"><h1 class=\"span-h2 span-vert-clair\" style=\"text-align: center;color: var(--vert);\">Mobile homes for sale in Ass\u00e9rac <span class=\"fc-span\">near Gu\u00e9rande<\/span><\/h1><h2 class=\"h4\" style=\"text-align: center;color: var(--marron-clair);\">We have a wide choice of new mobile homes for sale in Ass\u00e9rac near Gu\u00e9rande!<\/h2><p class=\"center\" style=\"text-align: center;\"  >Come with your family or friends to a warm and friendly campsite in Ass\u00e9rac, just a few minutes from Gu\u00e9rande!<\/p><\/div><div class=\"columns sec-10 reverse-mob\"><div class=\"columns__item media fade-right\"><div class=\"gallery f-carousel fc-diapo\" data-fancybox=\"gallery\"><figure class=\"gallery__item\"><picture><source srcset=\"https:\/\/www.pont-mahe.com\/wp-content\/uploads\/2026\/02\/mh30-420x280.webp\" media=\"(max-width: 210px)\"><source srcset=\"https:\/\/www.pont-mahe.com\/wp-content\/uploads\/2026\/02\/mh30.webp\" media=\"(max-width: 420px)\"><source srcset=\"https:\/\/www.pont-mahe.com\/wp-content\/uploads\/2026\/02\/mh30.webp\" media=\"(max-width: 850px)\"><source srcset=\"https:\/\/www.pont-mahe.com\/wp-content\/uploads\/2026\/02\/mh30.webp\" media=\"(max-width: 1024px)\"><source srcset=\"https:\/\/www.pont-mahe.com\/wp-content\/uploads\/2026\/02\/mh30.webp\" media=\"(min-width: 1025px)\"><img decoding=\"async\" src=\"https:\/\/www.pont-mahe.com\/wp-content\/uploads\/2026\/02\/mh30-420x280.webp\" width=\"420\" height=\"210\" loading=\"lazy\" alt=\"\" title=\"\"><\/picture><\/figure><figure class=\"gallery__item\"><picture><source srcset=\"https:\/\/www.pont-mahe.com\/wp-content\/uploads\/2026\/02\/mh30-salle-1-420x280.webp\" media=\"(max-width: 210px)\"><source srcset=\"https:\/\/www.pont-mahe.com\/wp-content\/uploads\/2026\/02\/mh30-salle-1.webp\" media=\"(max-width: 420px)\"><source srcset=\"https:\/\/www.pont-mahe.com\/wp-content\/uploads\/2026\/02\/mh30-salle-1.webp\" media=\"(max-width: 850px)\"><source srcset=\"https:\/\/www.pont-mahe.com\/wp-content\/uploads\/2026\/02\/mh30-salle-1.webp\" media=\"(max-width: 1024px)\"><source srcset=\"https:\/\/www.pont-mahe.com\/wp-content\/uploads\/2026\/02\/mh30-salle-1.webp\" media=\"(min-width: 1025px)\"><img decoding=\"async\" src=\"https:\/\/www.pont-mahe.com\/wp-content\/uploads\/2026\/02\/mh30-salle-1-420x280.webp\" width=\"420\" height=\"210\" loading=\"lazy\" alt=\"\" title=\"\"><\/picture><\/figure><figure class=\"gallery__item\"><picture><source srcset=\"https:\/\/www.pont-mahe.com\/wp-content\/uploads\/2026\/02\/mh30-salon-420x280.webp\" media=\"(max-width: 210px)\"><source srcset=\"https:\/\/www.pont-mahe.com\/wp-content\/uploads\/2026\/02\/mh30-salon.webp\" media=\"(max-width: 420px)\"><source srcset=\"https:\/\/www.pont-mahe.com\/wp-content\/uploads\/2026\/02\/mh30-salon.webp\" media=\"(max-width: 850px)\"><source srcset=\"https:\/\/www.pont-mahe.com\/wp-content\/uploads\/2026\/02\/mh30-salon.webp\" media=\"(max-width: 1024px)\"><source srcset=\"https:\/\/www.pont-mahe.com\/wp-content\/uploads\/2026\/02\/mh30-salon.webp\" media=\"(min-width: 1025px)\"><img decoding=\"async\" src=\"https:\/\/www.pont-mahe.com\/wp-content\/uploads\/2026\/02\/mh30-salon-420x280.webp\" width=\"420\" height=\"210\" loading=\"lazy\" alt=\"\" title=\"\"><\/picture><\/figure><figure class=\"gallery__item\"><picture><source srcset=\"https:\/\/www.pont-mahe.com\/wp-content\/uploads\/2026\/02\/mh30-cuisine-420x280.webp\" media=\"(max-width: 210px)\"><source srcset=\"https:\/\/www.pont-mahe.com\/wp-content\/uploads\/2026\/02\/mh30-cuisine.webp\" media=\"(max-width: 420px)\"><source srcset=\"https:\/\/www.pont-mahe.com\/wp-content\/uploads\/2026\/02\/mh30-cuisine.webp\" media=\"(max-width: 850px)\"><source srcset=\"https:\/\/www.pont-mahe.com\/wp-content\/uploads\/2026\/02\/mh30-cuisine.webp\" media=\"(max-width: 1024px)\"><source srcset=\"https:\/\/www.pont-mahe.com\/wp-content\/uploads\/2026\/02\/mh30-cuisine.webp\" media=\"(min-width: 1025px)\"><img decoding=\"async\" src=\"https:\/\/www.pont-mahe.com\/wp-content\/uploads\/2026\/02\/mh30-cuisine-420x280.webp\" width=\"420\" height=\"210\" loading=\"lazy\" alt=\"\" title=\"\"><\/picture><\/figure><figure class=\"gallery__item\"><picture><source srcset=\"https:\/\/www.pont-mahe.com\/wp-content\/uploads\/2026\/02\/mh30-ext-420x280.webp\" media=\"(max-width: 210px)\"><source srcset=\"https:\/\/www.pont-mahe.com\/wp-content\/uploads\/2026\/02\/mh30-ext.webp\" media=\"(max-width: 420px)\"><source srcset=\"https:\/\/www.pont-mahe.com\/wp-content\/uploads\/2026\/02\/mh30-ext.webp\" media=\"(max-width: 850px)\"><source srcset=\"https:\/\/www.pont-mahe.com\/wp-content\/uploads\/2026\/02\/mh30-ext.webp\" media=\"(max-width: 1024px)\"><source srcset=\"https:\/\/www.pont-mahe.com\/wp-content\/uploads\/2026\/02\/mh30-ext.webp\" media=\"(min-width: 1025px)\"><img decoding=\"async\" src=\"https:\/\/www.pont-mahe.com\/wp-content\/uploads\/2026\/02\/mh30-ext-420x280.webp\" width=\"420\" height=\"210\" loading=\"lazy\" alt=\"\" title=\"\"><\/picture><\/figure><\/div><\/div><div class=\"columns__item texte fade-left\"><h3 class=\"h2 span-h2 right span-marron-clair\" style=\"color: var(--marron);\">30 m\u00b2 mobile home with <span class=\"fc-span\">3 bedrooms and 1 bathroom, fully equipped<\/span><\/h3><div class=\"lireplus fc-mob\"><p    >Discover the mobile home<\/p><div class=\"group\"><ul><li>Space and ease of movement characterize this large 3-bedroom model;\n<\/li><li>Kitchen with back bar, hood, microwave ;\n<\/li><li>Living room with extension table, separate from living room;\n<\/li><li>Large master bedroom with direct access to shower room and dressing area;\n<\/li><li>2 twin rooms with 2 single beds, equipped with mosquito netting and blackout curtains, with radiators in each room;\n<\/li><li>Large covered terrace with garden furniture.\n<\/li><\/ul><\/div><\/div><\/div><\/div><div class=\"columns has-bleu-fonce-bg-color has-bg align-full\" style=\"align-items:center;background-color:var(--bleu-fonce);\"><div class=\"columns__item texte fade-left\" style=\"align-self:center;\"><h3 class=\"h2 span-h2 left\">35 m\u00b2 mobile home with <span class=\"fc-span\">3 bedrooms and 1 bathroom, fully equipped<\/span><\/h3><div class=\"lireplus fc-mob\"><p    >Discover the mobile home<\/p><div class=\"group\"><ul><li>Optimized space and easy circulation characterize this large 3-bedroom model;\n<\/li><li>Kitchen with 12 place setting dishwasher, extractor hood, induction hob;\n<\/li><li>Large master bedroom with direct access to shower room, towel dryer and dressing area;\n<\/li><li>2 twin rooms with 2 single beds, equipped with mosquito netting and blackout curtains, with radiators in each room;\n<\/li><li>A large living space to accommodate the whole family, with large openings for more light;\n<\/li><li>Large covered terrace with garden furniture\n<\/li><\/ul><\/div><\/div><\/div><div class=\"columns__item media fade-right\" style=\"align-self:center;\"><div class=\"gallery f-carousel fc-diapo\" data-fancybox=\"gallery\"><figure class=\"gallery__item\"><picture><source srcset=\"https:\/\/www.pont-mahe.com\/wp-content\/uploads\/2026\/02\/mh35-420x280.webp\" media=\"(max-width: 210px)\"><source srcset=\"https:\/\/www.pont-mahe.com\/wp-content\/uploads\/2026\/02\/mh35.webp\" media=\"(max-width: 420px)\"><source srcset=\"https:\/\/www.pont-mahe.com\/wp-content\/uploads\/2026\/02\/mh35.webp\" media=\"(max-width: 850px)\"><source srcset=\"https:\/\/www.pont-mahe.com\/wp-content\/uploads\/2026\/02\/mh35.webp\" media=\"(max-width: 1024px)\"><source srcset=\"https:\/\/www.pont-mahe.com\/wp-content\/uploads\/2026\/02\/mh35.webp\" media=\"(min-width: 1025px)\"><img decoding=\"async\" src=\"https:\/\/www.pont-mahe.com\/wp-content\/uploads\/2026\/02\/mh35-420x280.webp\" width=\"420\" height=\"210\" loading=\"lazy\" alt=\"\" title=\"\"><\/picture><\/figure><figure class=\"gallery__item\"><picture><source srcset=\"https:\/\/www.pont-mahe.com\/wp-content\/uploads\/2026\/02\/mh35-salon-420x280.webp\" media=\"(max-width: 210px)\"><source srcset=\"https:\/\/www.pont-mahe.com\/wp-content\/uploads\/2026\/02\/mh35-salon.webp\" media=\"(max-width: 420px)\"><source srcset=\"https:\/\/www.pont-mahe.com\/wp-content\/uploads\/2026\/02\/mh35-salon.webp\" media=\"(max-width: 850px)\"><source srcset=\"https:\/\/www.pont-mahe.com\/wp-content\/uploads\/2026\/02\/mh35-salon.webp\" media=\"(max-width: 1024px)\"><source srcset=\"https:\/\/www.pont-mahe.com\/wp-content\/uploads\/2026\/02\/mh35-salon.webp\" media=\"(min-width: 1025px)\"><img decoding=\"async\" src=\"https:\/\/www.pont-mahe.com\/wp-content\/uploads\/2026\/02\/mh35-salon-420x280.webp\" width=\"420\" height=\"210\" loading=\"lazy\" alt=\"\" title=\"\"><\/picture><\/figure><figure class=\"gallery__item\"><picture><source srcset=\"https:\/\/www.pont-mahe.com\/wp-content\/uploads\/2026\/02\/mh35-chambre-420x280.webp\" media=\"(max-width: 210px)\"><source srcset=\"https:\/\/www.pont-mahe.com\/wp-content\/uploads\/2026\/02\/mh35-chambre.webp\" media=\"(max-width: 420px)\"><source srcset=\"https:\/\/www.pont-mahe.com\/wp-content\/uploads\/2026\/02\/mh35-chambre.webp\" media=\"(max-width: 850px)\"><source srcset=\"https:\/\/www.pont-mahe.com\/wp-content\/uploads\/2026\/02\/mh35-chambre.webp\" media=\"(max-width: 1024px)\"><source srcset=\"https:\/\/www.pont-mahe.com\/wp-content\/uploads\/2026\/02\/mh35-chambre.webp\" media=\"(min-width: 1025px)\"><img decoding=\"async\" src=\"https:\/\/www.pont-mahe.com\/wp-content\/uploads\/2026\/02\/mh35-chambre-420x280.webp\" width=\"420\" height=\"210\" loading=\"lazy\" alt=\"\" title=\"\"><\/picture><\/figure><figure class=\"gallery__item\"><picture><source srcset=\"https:\/\/www.pont-mahe.com\/wp-content\/uploads\/2026\/02\/mh35-chambres-420x280.webp\" media=\"(max-width: 210px)\"><source srcset=\"https:\/\/www.pont-mahe.com\/wp-content\/uploads\/2026\/02\/mh35-chambres.webp\" media=\"(max-width: 420px)\"><source srcset=\"https:\/\/www.pont-mahe.com\/wp-content\/uploads\/2026\/02\/mh35-chambres.webp\" media=\"(max-width: 850px)\"><source srcset=\"https:\/\/www.pont-mahe.com\/wp-content\/uploads\/2026\/02\/mh35-chambres.webp\" media=\"(max-width: 1024px)\"><source srcset=\"https:\/\/www.pont-mahe.com\/wp-content\/uploads\/2026\/02\/mh35-chambres.webp\" media=\"(min-width: 1025px)\"><img decoding=\"async\" src=\"https:\/\/www.pont-mahe.com\/wp-content\/uploads\/2026\/02\/mh35-chambres-420x280.webp\" width=\"420\" height=\"210\" loading=\"lazy\" alt=\"\" title=\"\"><\/picture><\/figure><figure class=\"gallery__item\"><picture><source srcset=\"https:\/\/www.pont-mahe.com\/wp-content\/uploads\/2026\/02\/mh35-sdb-420x280.webp\" media=\"(max-width: 210px)\"><source srcset=\"https:\/\/www.pont-mahe.com\/wp-content\/uploads\/2026\/02\/mh35-sdb.webp\" media=\"(max-width: 420px)\"><source srcset=\"https:\/\/www.pont-mahe.com\/wp-content\/uploads\/2026\/02\/mh35-sdb.webp\" media=\"(max-width: 850px)\"><source srcset=\"https:\/\/www.pont-mahe.com\/wp-content\/uploads\/2026\/02\/mh35-sdb.webp\" media=\"(max-width: 1024px)\"><source srcset=\"https:\/\/www.pont-mahe.com\/wp-content\/uploads\/2026\/02\/mh35-sdb.webp\" media=\"(min-width: 1025px)\"><img decoding=\"async\" src=\"https:\/\/www.pont-mahe.com\/wp-content\/uploads\/2026\/02\/mh35-sdb-420x280.webp\" width=\"420\" height=\"210\" loading=\"lazy\" alt=\"\" title=\"\"><\/picture><\/figure><figure class=\"gallery__item\"><picture><source srcset=\"https:\/\/www.pont-mahe.com\/wp-content\/uploads\/2026\/02\/mh35-plan-420x280.webp\" media=\"(max-width: 210px)\"><source srcset=\"https:\/\/www.pont-mahe.com\/wp-content\/uploads\/2026\/02\/mh35-plan.webp\" media=\"(max-width: 420px)\"><source srcset=\"https:\/\/www.pont-mahe.com\/wp-content\/uploads\/2026\/02\/mh35-plan.webp\" media=\"(max-width: 850px)\"><source srcset=\"https:\/\/www.pont-mahe.com\/wp-content\/uploads\/2026\/02\/mh35-plan.webp\" media=\"(max-width: 1024px)\"><source srcset=\"https:\/\/www.pont-mahe.com\/wp-content\/uploads\/2026\/02\/mh35-plan.webp\" media=\"(min-width: 1025px)\"><img decoding=\"async\" src=\"https:\/\/www.pont-mahe.com\/wp-content\/uploads\/2026\/02\/mh35-plan-420x280.webp\" width=\"420\" height=\"210\" loading=\"lazy\" alt=\"\" title=\"\"><\/picture><\/figure><figure class=\"gallery__item\"><picture><source srcset=\"https:\/\/www.pont-mahe.com\/wp-content\/uploads\/2026\/02\/mh35-planchambre-420x280.webp\" media=\"(max-width: 210px)\"><source srcset=\"https:\/\/www.pont-mahe.com\/wp-content\/uploads\/2026\/02\/mh35-planchambre.webp\" media=\"(max-width: 420px)\"><source srcset=\"https:\/\/www.pont-mahe.com\/wp-content\/uploads\/2026\/02\/mh35-planchambre.webp\" media=\"(max-width: 850px)\"><source srcset=\"https:\/\/www.pont-mahe.com\/wp-content\/uploads\/2026\/02\/mh35-planchambre.webp\" media=\"(max-width: 1024px)\"><source srcset=\"https:\/\/www.pont-mahe.com\/wp-content\/uploads\/2026\/02\/mh35-planchambre.webp\" media=\"(min-width: 1025px)\"><img decoding=\"async\" src=\"https:\/\/www.pont-mahe.com\/wp-content\/uploads\/2026\/02\/mh35-planchambre-420x280.webp\" width=\"420\" height=\"210\" loading=\"lazy\" alt=\"\" title=\"\"><\/picture><\/figure><\/div><\/div><\/div><div class=\"columns reverse-mob\"><div class=\"columns__item media map fade-left\"><div class=\"gallery\"><figure class=\"gallery__item\"><picture><source srcset=\"https:\/\/www.pont-mahe.com\/wp-content\/uploads\/2026\/02\/famille-420x280.webp\" media=\"(max-width: 210px)\"><source srcset=\"https:\/\/www.pont-mahe.com\/wp-content\/uploads\/2026\/02\/famille-850x566.webp\" media=\"(max-width: 420px)\"><source srcset=\"https:\/\/www.pont-mahe.com\/wp-content\/uploads\/2026\/02\/famille-768x512.webp\" media=\"(max-width: 850px)\"><source srcset=\"https:\/\/www.pont-mahe.com\/wp-content\/uploads\/2026\/02\/famille-1024x682.webp\" media=\"(max-width: 1024px)\"><source srcset=\"https:\/\/www.pont-mahe.com\/wp-content\/uploads\/2026\/02\/famille.webp\" media=\"(min-width: 1025px)\"><img decoding=\"async\" src=\"https:\/\/www.pont-mahe.com\/wp-content\/uploads\/2026\/02\/famille-420x280.webp\" width=\"420\" height=\"210\" loading=\"lazy\" alt=\"\" title=\"\"><\/picture><\/figure><\/div><\/div><div class=\"columns__item texte fade-right\" style=\"align-self:center;\"><h2 class=\"span-h2 right span-vert-clair\" style=\"color: var(--vert);\">Why buy <span class=\"fc-span\">a mobile home in Ass\u00e9rac?<\/span><\/h2><p    >Buying a mobile home in <strong>Ass\u00e9rac<\/strong> means choosing an ideal destination for enjoying the pleasures of nature while benefiting from modern comforts. The seaside town of<strong>Ass\u00e9rac<\/strong> offers a peaceful and pleasant living environment.   <\/p><div class=\"lireplus fc-desk\"><p    >Read more<\/p><div class=\"group\"><p    >Its fine sandy beaches and unspoilt landscapes are perfect for relaxing with family or friends. The mobile home park on offer at the <strong>Pont-Mah\u00e9<\/strong> campsite enjoys a privileged location. It&#8217;s close to shops, leisure activities and the region&#8217;s many natural attractions.  <\/p><p    >Buying a mobile home in Ass\u00e9rac also means becoming a<strong> property<\/strong> owner at a lower cost, while enjoying the many advantages of seasonal rental. This type of investment gives you a <strong>second home<\/strong> in which to relax during the vacations, while generating additional income from the rental of your mobile home. What&#8217;s more, the Pont-Mah\u00e9 campsite offers a wide range of models, from the simplest to the most luxurious.  <\/p><p    >With its peaceful surroundings and easy access from major towns, Ass\u00e9rac is an excellent choice for a second home. Enjoy both tranquility and proximity to tourist attractions. <strong>Buying a mobile home<\/strong> in this region means investing in a property that&#8217;s both pleasant to live in and profitable. <\/p><\/div><\/div><\/div><\/div>","protected":false},"excerpt":{"rendered":"<p>Mobile homes for sale in Ass\u00e9rac near Gu\u00e9rande We have a wide choice of new mobile homes for sale in Ass\u00e9rac near Gu\u00e9rande! Come with your family or friends to a warm and friendly campsite in Ass\u00e9rac, just a few minutes from Gu\u00e9rande! 30 m\u00b2 mobile home with 3 bedrooms and 1 bathroom, fully equipped [&hellip;]<\/p>\n","protected":false},"author":1,"featured_media":0,"parent":0,"menu_order":0,"comment_status":"open","ping_status":"open","template":"","meta":{"_acf_changed":false,"footnotes":""},"acf":[],"_links":{"self":[{"href":"https:\/\/www.pont-mahe.com\/en\/wp-json\/wp\/v2\/pages\/1039"}],"collection":[{"href":"https:\/\/www.pont-mahe.com\/en\/wp-json\/wp\/v2\/pages"}],"about":[{"href":"https:\/\/www.pont-mahe.com\/en\/wp-json\/wp\/v2\/types\/page"}],"author":[{"embeddable":true,"href":"https:\/\/www.pont-mahe.com\/en\/wp-json\/wp\/v2\/users\/1"}],"replies":[{"embeddable":true,"href":"https:\/\/www.pont-mahe.com\/en\/wp-json\/wp\/v2\/comments?post=1039"}],"version-history":[{"count":1,"href":"https:\/\/www.pont-mahe.com\/en\/wp-json\/wp\/v2\/pages\/1039\/revisions"}],"predecessor-version":[{"id":1041,"href":"https:\/\/www.pont-mahe.com\/en\/wp-json\/wp\/v2\/pages\/1039\/revisions\/1041"}],"wp:attachment":[{"href":"https:\/\/www.pont-mahe.com\/en\/wp-json\/wp\/v2\/media?parent=1039"}],"curies":[{"name":"wp","href":"https:\/\/api.w.org\/{rel}","templated":true}]}}